{"id":14253,"date":"2025-07-04T10:13:28","date_gmt":"2025-07-04T10:13:28","guid":{"rendered":"https:\/\/www.brandman.agency\/?page_id=14253"},"modified":"2025-07-26T11:33:49","modified_gmt":"2025-07-26T11:33:49","slug":"shipping-and-exchange","status":"publish","type":"page","link":"https:\/\/www.brandman.agency\/pt\/shipping-and-exchange\/","title":{"rendered":"Envio e troca"},"content":{"rendered":"<div data-elementor-type=\"wp-page\" data-elementor-id=\"14253\" class=\"elementor elementor-14253\">\n\t\t\t\t<div class=\"elementor-element elementor-element-1ceaaa4 e-con-full e-flex e-con e-parent\" data-id=\"1ceaaa4\" data-element_type=\"container\" data-settings=\"{&quot;background_background&quot;:&quot;classic&quot;}\">\n\t\t\t\t<div class=\"elementor-element elementor-element-817beed elementor-widget elementor-widget-heading\" data-id=\"817beed\" data-element_type=\"widget\" data-widget_type=\"heading.default\">\n\t\t\t\t<div class=\"elementor-widget-container\">\n\t\t\t<style>\/*! elementor - v3.23.0 - 05-08-2024 *\/\n.elementor-heading-title{padding:0;margin:0;line-height:1}.elementor-widget-heading .elementor-heading-title[class*=elementor-size-]>a{color:inherit;font-size:inherit;line-height:inherit}.elementor-widget-heading .elementor-heading-title.elementor-size-small{font-size:15px}.elementor-widget-heading .elementor-heading-title.elementor-size-medium{font-size:19px}.elementor-widget-heading .elementor-heading-title.elementor-size-large{font-size:29px}.elementor-widget-heading .elementor-heading-title.elementor-size-xl{font-size:39px}.elementor-widget-heading .elementor-heading-title.elementor-size-xxl{font-size:59px}<\/style><h2 class=\"elementor-heading-title elementor-size-default\">Envio e troca<\/h2>\t\t<\/div>\n\t\t\t\t<\/div>\n\t\t\t\t<\/div>\n\t\t<div class=\"elementor-element elementor-element-4bd2c6f hide e-flex e-con-boxed e-con e-parent\" data-id=\"4bd2c6f\" data-element_type=\"container\" data-settings=\"{&quot;background_background&quot;:&quot;classic&quot;}\">\n\t\t\t\t\t<div class=\"e-con-inner\">\n\t\t<div class=\"elementor-element elementor-element-e3fdecd e-flex e-con-boxed e-con e-child\" data-id=\"e3fdecd\" data-element_type=\"container\">\n\t\t\t\t\t<div class=\"e-con-inner\">\n\t\t\t\t<div class=\"elementor-element elementor-element-44f0c0c elementor-widget__width-initial elementor-widget elementor-widget-text-editor\" data-id=\"44f0c0c\" data-element_type=\"widget\" data-widget_type=\"text-editor.default\">\n\t\t\t\t<div class=\"elementor-widget-container\">\n\t\t\t<style>\/*! elementor - v3.23.0 - 05-08-2024 *\/\n.elementor-widget-text-editor.elementor-drop-cap-view-stacked .elementor-drop-cap{background-color:#69727d;color:#fff}.elementor-widget-text-editor.elementor-drop-cap-view-framed .elementor-drop-cap{color:#69727d;border:3px solid;background-color:transparent}.elementor-widget-text-editor:not(.elementor-drop-cap-view-default) .elementor-drop-cap{margin-top:8px}.elementor-widget-text-editor:not(.elementor-drop-cap-view-default) .elementor-drop-cap-letter{width:1em;height:1em}.elementor-widget-text-editor .elementor-drop-cap{float:left;text-align:center;line-height:1;font-size:50px}.elementor-widget-text-editor .elementor-drop-cap-letter{display:inline-block}<\/style>\t\t\t\t<p>No <b>Brandman<\/b>, somos especializados em fornecer solu\u00e7\u00f5es de branding digital de alta qualidade, adaptadas \u00e0s necessidades do seu neg\u00f3cio. Como uma ag\u00eancia com foco no digital, todos os nossos servi\u00e7os e entregas \u2014 como diretrizes de marca, logotipos, recursos de design, relat\u00f3rios de estrat\u00e9gia e outros arquivos criativos \u2014 s\u00e3o fornecidos por meio de canais seguros de entrega de servi\u00e7os digitais.<\/p><h6><b>Envio de Entreg\u00e1veis Digitais<\/b><\/h6><ul><li><b>Modo de entrega<\/b>:Todos os resultados s\u00e3o enviados por e-mail ou carregados no seu painel seguro do cliente, dependendo do seu m\u00e9todo de comunica\u00e7\u00e3o preferido.<\/li><li><b>Prazo de entrega<\/b>:Os prazos de entrega variam de acordo com o escopo do projeto e ser\u00e3o claramente comunicados na sua proposta de projeto ou contrato.<\/li><li><b>Sem envio f\u00edsico<\/b>: Como todos os nossos servi\u00e7os s\u00e3o digitais, n\u00e3o h\u00e1 produto f\u00edsico a ser enviado. Voc\u00ea n\u00e3o ter\u00e1 nenhuma taxa de envio.<\/li><\/ul><h6><b>Pol\u00edtica de Troca e Retrabalho<\/b><\/h6><ul><li><b>Entregas personalizadas<\/b>:Devido \u00e0 natureza personalizada dos servi\u00e7os de branding, <b>sem troca por entregas personalizadas<\/b> (por exemplo, designs de logotipo, estrat\u00e9gias de marca, etc.) s\u00e3o permitidos assim que os arquivos finais forem entregues.<\/li><li><b>Revis\u00f5es<\/b>: Temos o compromisso com a satisfa\u00e7\u00e3o do cliente e oferecemos revis\u00f5es conforme descrito no seu contrato de servi\u00e7o. Pequenas altera\u00e7\u00f5es ou edi\u00e7\u00f5es geralmente est\u00e3o inclu\u00eddas no escopo do projeto.<\/li><li><b>Revis\u00f5es adicionais<\/b>: Solicita\u00e7\u00f5es que ultrapassarem o limite de revis\u00e3o acordado poder\u00e3o gerar custos adicionais, que ser\u00e3o discutidos e aprovados antes do prosseguimento.<\/li><\/ul><h6><b>Garantia de satisfa\u00e7\u00e3o do cliente<\/b><\/h6><p>Nosso objetivo \u00e9 garantir que cada ativo de marca que criamos esteja alinhado com sua vis\u00e3o e objetivos de neg\u00f3cios. Nosso processo envolve colabora\u00e7\u00e3o pr\u00f3xima, comunica\u00e7\u00e3o transparente e atualiza\u00e7\u00f5es pontuais, o que nos ajuda a entregar excel\u00eancia em cada etapa do processo.<\/p><h6><b>Entrega Segura e Confi\u00e1vel<\/b><\/h6><p>Seus arquivos s\u00e3o compartilhados com seguran\u00e7a, com backups dispon\u00edveis por tempo limitado. Recomendamos baixar e salvar seus arquivos finais no momento da entrega para garantir acesso a longo prazo.<\/p><p>Para mais detalhes ou d\u00favidas sobre os termos de entrega ou revis\u00e3o do seu projeto, entre em contato com nossa equipe de suporte em [<a href=\"mailto:studio@www.brandman.agency\">est\u00fadio@www.brandman.agency<\/a>].<\/p><p><b>Brandman <\/b>\u2013 Criando Marcas que Falam. Impulsionado por uma entrega de servi\u00e7os digitais integrada.<\/p>\t\t\t\t\t\t<\/div>\n\t\t\t\t<\/div>\n\t\t\t\t\t<\/div>\n\t\t\t\t<\/div>\n\t\t\t\t\t<\/div>\n\t\t\t\t<\/div>\n\t\t\t\t<\/div>","protected":false},"excerpt":{"rendered":"<p>Shipping and Exchange At Brandman, we specialize in delivering high-quality digital branding solutions tailored to your business needs. As a digital-first agency, all our services and deliverables\u2014such as brand guidelines, logos, design assets, strategy reports, and other creative files\u2014are provided through secure digital service delivery channels. Shipping of Digital Deliverables Mode of Delivery: All deliverables [&hellip;]<\/p>","protected":false},"author":1,"featured_media":0,"parent":0,"menu_order":0,"comment_status":"closed","ping_status":"closed","template":"","meta":{"_monsterinsights_skip_tracking":false,"_monsterinsights_sitenote_active":false,"_monsterinsights_sitenote_note":"","_monsterinsights_sitenote_category":0,"ocean_post_layout":"","ocean_both_sidebars_style":"","ocean_both_sidebars_content_width":0,"ocean_both_sidebars_sidebars_width":0,"ocean_sidebar":"","ocean_second_sidebar":"","ocean_disable_margins":"enable","ocean_add_body_class":"","ocean_shortcode_before_top_bar":"","ocean_shortcode_after_top_bar":"","ocean_shortcode_before_header":"","ocean_shortcode_after_header":"","ocean_has_shortcode":"","ocean_shortcode_after_title":"","ocean_shortcode_before_footer_widgets":"","ocean_shortcode_after_footer_widgets":"","ocean_shortcode_before_footer_bottom":"","ocean_shortcode_after_footer_bottom":"","ocean_display_top_bar":"default","ocean_display_header":"default","ocean_header_style":"","ocean_center_header_left_menu":"","ocean_custom_header_template":"","ocean_custom_logo":0,"ocean_custom_retina_logo":0,"ocean_custom_logo_max_width":0,"ocean_custom_logo_tablet_max_width":0,"ocean_custom_logo_mobile_max_width":0,"ocean_custom_logo_max_height":0,"ocean_custom_logo_tablet_max_height":0,"ocean_custom_logo_mobile_max_height":0,"ocean_header_custom_menu":"","ocean_menu_typo_font_family":"","ocean_menu_typo_font_subset":"","ocean_menu_typo_font_size":0,"ocean_menu_typo_font_size_tablet":0,"ocean_menu_typo_font_size_mobile":0,"ocean_menu_typo_font_size_unit":"px","ocean_menu_typo_font_weight":"","ocean_menu_typo_font_weight_tablet":"","ocean_menu_typo_font_weight_mobile":"","ocean_menu_typo_transform":"","ocean_menu_typo_transform_tablet":"","ocean_menu_typo_transform_mobile":"","ocean_menu_typo_line_height":0,"ocean_menu_typo_line_height_tablet":0,"ocean_menu_typo_line_height_mobile":0,"ocean_menu_typo_line_height_unit":"","ocean_menu_typo_spacing":0,"ocean_menu_typo_spacing_tablet":0,"ocean_menu_typo_spacing_mobile":0,"ocean_menu_typo_spacing_unit":"","ocean_menu_link_color":"","ocean_menu_link_color_hover":"","ocean_menu_link_color_active":"","ocean_menu_link_background":"","ocean_menu_link_hover_background":"","ocean_menu_link_active_background":"","ocean_menu_social_links_bg":"","ocean_menu_social_hover_links_bg":"","ocean_menu_social_links_color":"","ocean_menu_social_hover_links_color":"","ocean_disable_title":"default","ocean_disable_heading":"default","ocean_post_title":"","ocean_post_subheading":"","ocean_post_title_style":"","ocean_post_title_background_color":"","ocean_post_title_background":0,"ocean_post_title_bg_image_position":"","ocean_post_title_bg_image_attachment":"","ocean_post_title_bg_image_repeat":"","ocean_post_title_bg_image_size":"","ocean_post_title_height":0,"ocean_post_title_bg_overlay":0.5,"ocean_post_title_bg_overlay_color":"","ocean_disable_breadcrumbs":"default","ocean_breadcrumbs_color":"","ocean_breadcrumbs_separator_color":"","ocean_breadcrumbs_links_color":"","ocean_breadcrumbs_links_hover_color":"","ocean_display_footer_widgets":"default","ocean_display_footer_bottom":"default","ocean_custom_footer_template":"","footnotes":""},"class_list":["post-14253","page","type-page","status-publish","hentry","entry","owp-thumbs-layout-horizontal","owp-btn-normal","owp-tabs-layout-horizontal","has-no-thumbnails","has-product-nav"],"yoast_head":"<!-- This site is optimized with the Yoast SEO plugin v26.1.1 - https:\/\/yoast.com\/wordpress\/plugins\/seo\/ -->\n<title>Shipping and Exchange - Award Winning Branding Agency - BrandMan<\/title>\n<meta name=\"robots\" content=\"index, follow, max-snippet:-1, max-image-preview:large, max-video-preview:-1\" \/>\n<link rel=\"canonical\" href=\"https:\/\/www.brandman.agency\/pt\/shipping-and-exchange\/\" \/>\n<meta property=\"og:locale\" content=\"pt_PT\" \/>\n<meta property=\"og:type\" content=\"article\" \/>\n<meta property=\"og:title\" content=\"Shipping and Exchange - Award Winning Branding Agency - BrandMan\" \/>\n<meta property=\"og:description\" content=\"Shipping and Exchange At Brandman, we specialize in delivering high-quality digital branding solutions tailored to your business needs. As a digital-first agency, all our services and deliverables\u2014such as brand guidelines, logos, design assets, strategy reports, and other creative files\u2014are provided through secure digital service delivery channels. Shipping of Digital Deliverables Mode of Delivery: All deliverables [&hellip;]\" \/>\n<meta property=\"og:url\" content=\"https:\/\/www.brandman.agency\/pt\/shipping-and-exchange\/\" \/>\n<meta property=\"og:site_name\" content=\"Award Winning Branding Agency - BrandMan\" \/>\n<meta property=\"article:modified_time\" content=\"2025-07-26T11:33:49+00:00\" \/>\n<meta name=\"twitter:card\" content=\"summary_large_image\" \/>\n<meta name=\"twitter:label1\" content=\"Tempo estimado de leitura\" \/>\n\t<meta name=\"twitter:data1\" content=\"2 minutos\" \/>\n<script type=\"application\/ld+json\" class=\"yoast-schema-graph\">{\"@context\":\"https:\/\/schema.org\",\"@graph\":[{\"@type\":\"WebPage\",\"@id\":\"https:\/\/www.brandman.agency\/shipping-and-exchange\/\",\"url\":\"https:\/\/www.brandman.agency\/shipping-and-exchange\/\",\"name\":\"Shipping and Exchange - Award Winning Branding Agency - BrandMan\",\"isPartOf\":{\"@id\":\"https:\/\/www.brandman.agency\/#website\"},\"datePublished\":\"2025-07-04T10:13:28+00:00\",\"dateModified\":\"2025-07-26T11:33:49+00:00\",\"breadcrumb\":{\"@id\":\"https:\/\/www.brandman.agency\/shipping-and-exchange\/#breadcrumb\"},\"inLanguage\":\"pt-PT\",\"potentialAction\":[{\"@type\":\"ReadAction\",\"target\":[\"https:\/\/www.brandman.agency\/shipping-and-exchange\/\"]}]},{\"@type\":\"BreadcrumbList\",\"@id\":\"https:\/\/www.brandman.agency\/shipping-and-exchange\/#breadcrumb\",\"itemListElement\":[{\"@type\":\"ListItem\",\"position\":1,\"name\":\"Home\",\"item\":\"https:\/\/www.brandman.agency\/\"},{\"@type\":\"ListItem\",\"position\":2,\"name\":\"Shipping and Exchange\"}]},{\"@type\":\"WebSite\",\"@id\":\"https:\/\/www.brandman.agency\/#website\",\"url\":\"https:\/\/www.brandman.agency\/\",\"name\":\"BrandMan\",\"description\":\"We are the Top Branding Company in India | Africa | Mozambique | Middle East | UK | USA. Build Your Brand Value With Full Digital Marketing Service To Become The Best Branding Agency.\",\"publisher\":{\"@id\":\"https:\/\/www.brandman.agency\/#organization\"},\"potentialAction\":[{\"@type\":\"SearchAction\",\"target\":{\"@type\":\"EntryPoint\",\"urlTemplate\":\"https:\/\/www.brandman.agency\/?s={search_term_string}\"},\"query-input\":{\"@type\":\"PropertyValueSpecification\",\"valueRequired\":true,\"valueName\":\"search_term_string\"}}],\"inLanguage\":\"pt-PT\"},{\"@type\":\"Organization\",\"@id\":\"https:\/\/www.brandman.agency\/#organization\",\"name\":\"BrandMan\",\"url\":\"https:\/\/www.brandman.agency\/\",\"logo\":{\"@type\":\"ImageObject\",\"inLanguage\":\"pt-PT\",\"@id\":\"https:\/\/www.brandman.agency\/#\/schema\/logo\/image\/\",\"url\":\"https:\/\/www.brandman.agency\/wp-content\/uploads\/2024\/05\/cropped-Favicon-BrandMan.png\",\"contentUrl\":\"https:\/\/www.brandman.agency\/wp-content\/uploads\/2024\/05\/cropped-Favicon-BrandMan.png\",\"width\":512,\"height\":512,\"caption\":\"BrandMan\"},\"image\":{\"@id\":\"https:\/\/www.brandman.agency\/#\/schema\/logo\/image\/\"}}]}<\/script>\n<!-- \/ Yoast SEO plugin. -->","yoast_head_json":{"title":"Shipping and Exchange - Award Winning Branding Agency - BrandMan","robots":{"index":"index","follow":"follow","max-snippet":"max-snippet:-1","max-image-preview":"max-image-preview:large","max-video-preview":"max-video-preview:-1"},"canonical":"https:\/\/www.brandman.agency\/pt\/shipping-and-exchange\/","og_locale":"pt_PT","og_type":"article","og_title":"Shipping and Exchange - Award Winning Branding Agency - BrandMan","og_description":"Shipping and Exchange At Brandman, we specialize in delivering high-quality digital branding solutions tailored to your business needs. As a digital-first agency, all our services and deliverables\u2014such as brand guidelines, logos, design assets, strategy reports, and other creative files\u2014are provided through secure digital service delivery channels. Shipping of Digital Deliverables Mode of Delivery: All deliverables [&hellip;]","og_url":"https:\/\/www.brandman.agency\/pt\/shipping-and-exchange\/","og_site_name":"Award Winning Branding Agency - BrandMan","article_modified_time":"2025-07-26T11:33:49+00:00","twitter_card":"summary_large_image","twitter_misc":{"Tempo estimado de leitura":"2 minutos"},"schema":{"@context":"https:\/\/schema.org","@graph":[{"@type":"WebPage","@id":"https:\/\/www.brandman.agency\/shipping-and-exchange\/","url":"https:\/\/www.brandman.agency\/shipping-and-exchange\/","name":"Shipping and Exchange - Award Winning Branding Agency - BrandMan","isPartOf":{"@id":"https:\/\/www.brandman.agency\/#website"},"datePublished":"2025-07-04T10:13:28+00:00","dateModified":"2025-07-26T11:33:49+00:00","breadcrumb":{"@id":"https:\/\/www.brandman.agency\/shipping-and-exchange\/#breadcrumb"},"inLanguage":"pt-PT","potentialAction":[{"@type":"ReadAction","target":["https:\/\/www.brandman.agency\/shipping-and-exchange\/"]}]},{"@type":"BreadcrumbList","@id":"https:\/\/www.brandman.agency\/shipping-and-exchange\/#breadcrumb","itemListElement":[{"@type":"ListItem","position":1,"name":"Home","item":"https:\/\/www.brandman.agency\/"},{"@type":"ListItem","position":2,"name":"Shipping and Exchange"}]},{"@type":"WebSite","@id":"https:\/\/www.brandman.agency\/#website","url":"https:\/\/www.brandman.agency\/","name":"Homem de marca","description":"Somos a principal empresa de branding na \u00cdndia | \u00c1frica | Mo\u00e7ambique | Oriente M\u00e9dio | Reino Unido | EUA. Construa o valor da sua marca com um servi\u00e7o completo de marketing digital para se tornar a melhor ag\u00eancia de branding.","publisher":{"@id":"https:\/\/www.brandman.agency\/#organization"},"potentialAction":[{"@type":"SearchAction","target":{"@type":"EntryPoint","urlTemplate":"https:\/\/www.brandman.agency\/?s={search_term_string}"},"query-input":{"@type":"PropertyValueSpecification","valueRequired":true,"valueName":"search_term_string"}}],"inLanguage":"pt-PT"},{"@type":"Organization","@id":"https:\/\/www.brandman.agency\/#organization","name":"Homem de marca","url":"https:\/\/www.brandman.agency\/","logo":{"@type":"ImageObject","inLanguage":"pt-PT","@id":"https:\/\/www.brandman.agency\/#\/schema\/logo\/image\/","url":"https:\/\/www.brandman.agency\/wp-content\/uploads\/2024\/05\/cropped-Favicon-BrandMan.png","contentUrl":"https:\/\/www.brandman.agency\/wp-content\/uploads\/2024\/05\/cropped-Favicon-BrandMan.png","width":512,"height":512,"caption":"BrandMan"},"image":{"@id":"https:\/\/www.brandman.agency\/#\/schema\/logo\/image\/"}}]}},"_links":{"self":[{"href":"https:\/\/www.brandman.agency\/pt\/wp-json\/wp\/v2\/pages\/14253","targetHints":{"allow":["GET"]}}],"collection":[{"href":"https:\/\/www.brandman.agency\/pt\/wp-json\/wp\/v2\/pages"}],"about":[{"href":"https:\/\/www.brandman.agency\/pt\/wp-json\/wp\/v2\/types\/page"}],"author":[{"embeddable":true,"href":"https:\/\/www.brandman.agency\/pt\/wp-json\/wp\/v2\/users\/1"}],"replies":[{"embeddable":true,"href":"https:\/\/www.brandman.agency\/pt\/wp-json\/wp\/v2\/comments?post=14253"}],"version-history":[{"count":13,"href":"https:\/\/www.brandman.agency\/pt\/wp-json\/wp\/v2\/pages\/14253\/revisions"}],"predecessor-version":[{"id":14292,"href":"https:\/\/www.brandman.agency\/pt\/wp-json\/wp\/v2\/pages\/14253\/revisions\/14292"}],"wp:attachment":[{"href":"https:\/\/www.brandman.agency\/pt\/wp-json\/wp\/v2\/media?parent=14253"}],"curies":[{"name":"wp","href":"https:\/\/api.w.org\/{rel}","templated":true}]}}