{"id":4882,"date":"2024-04-26T12:19:37","date_gmt":"2024-04-26T12:19:37","guid":{"rendered":"https:\/\/www.brandman.agency\/?page_id=4882"},"modified":"2025-10-09T06:32:47","modified_gmt":"2025-10-09T06:32:47","slug":"real-estate-branding-agency-in-india-mozambique-africa-uk-usa-middle-east-hire-low-pricing-designers","status":"publish","type":"page","link":"https:\/\/www.brandman.agency\/pt\/real-estate-branding-agency-in-india-mozambique-africa-uk-usa-middle-east-hire-low-pricing-designers\/","title":{"rendered":"Marca Imobili\u00e1ria"},"content":{"rendered":"<div data-elementor-type=\"wp-page\" data-elementor-id=\"4882\" class=\"elementor elementor-4882\">\n\t\t\t\t<div class=\"elementor-element elementor-element-2486e7d e-con-full e-flex e-con e-parent\" data-id=\"2486e7d\" data-element_type=\"container\" data-settings=\"{&quot;background_background&quot;:&quot;classic&quot;}\">\n\t\t\t\t<div class=\"elementor-element elementor-element-d82fe22 elementor-widget-mobile__width-initial elementor-widget elementor-widget-heading\" data-id=\"d82fe22\" data-element_type=\"widget\" data-widget_type=\"heading.default\">\n\t\t\t\t<div class=\"elementor-widget-container\">\n\t\t\t<style>\/*! elementor - v3.23.0 - 05-08-2024 *\/\n.elementor-heading-title{padding:0;margin:0;line-height:1}.elementor-widget-heading .elementor-heading-title[class*=elementor-size-]>a{color:inherit;font-size:inherit;line-height:inherit}.elementor-widget-heading .elementor-heading-title.elementor-size-small{font-size:15px}.elementor-widget-heading .elementor-heading-title.elementor-size-medium{font-size:19px}.elementor-widget-heading .elementor-heading-title.elementor-size-large{font-size:29px}.elementor-widget-heading .elementor-heading-title.elementor-size-xl{font-size:39px}.elementor-widget-heading .elementor-heading-title.elementor-size-xxl{font-size:59px}<\/style><h2 class=\"elementor-heading-title elementor-size-default\">Ag\u00eancia de Branding Imobili\u00e1rio<\/h2>\t\t<\/div>\n\t\t\t\t<\/div>\n\t\t\t\t<div class=\"elementor-element elementor-element-5282912 elementor-widget elementor-widget-heading\" data-id=\"5282912\" data-element_type=\"widget\" data-widget_type=\"heading.default\">\n\t\t\t\t<div class=\"elementor-widget-container\">\n\t\t\t<h5 class=\"elementor-heading-title elementor-size-default\">Equipe profissional de branding com experi\u00eancia em im\u00f3veis | Servi\u00e7os personalizados de branding imobili\u00e1rio | Consultoria e estrat\u00e9gia de branding<\/h5>\t\t<\/div>\n\t\t\t\t<\/div>\n\t\t\t\t<\/div>\n\t\t<div class=\"elementor-element elementor-element-2815b13 e-con-full e-flex e-con e-parent\" data-id=\"2815b13\" data-element_type=\"container\" data-settings=\"{&quot;background_background&quot;:&quot;classic&quot;}\">\n\t\t<div class=\"elementor-element elementor-element-581ee80 e-con-full e-flex e-con e-child\" data-id=\"581ee80\" data-element_type=\"container\" id=\"header_section\">\n\t\t<div class=\"elementor-element elementor-element-4e55f19 e-con-full e-flex e-con e-child\" data-id=\"4e55f19\" data-element_type=\"container\" data-settings=\"{&quot;background_background&quot;:&quot;classic&quot;,&quot;position&quot;:&quot;absolute&quot;}\">\n\t\t\t\t<div class=\"elementor-element elementor-element-688ab50 elementor-widget elementor-widget-text-editor\" data-id=\"688ab50\" data-element_type=\"widget\" data-widget_type=\"text-editor.default\">\n\t\t\t\t<div class=\"elementor-widget-container\">\n\t\t\t<style>\/*! elementor - v3.23.0 - 05-08-2024 *\/\n.elementor-widget-text-editor.elementor-drop-cap-view-stacked .elementor-drop-cap{background-color:#69727d;color:#fff}.elementor-widget-text-editor.elementor-drop-cap-view-framed .elementor-drop-cap{color:#69727d;border:3px solid;background-color:transparent}.elementor-widget-text-editor:not(.elementor-drop-cap-view-default) .elementor-drop-cap{margin-top:8px}.elementor-widget-text-editor:not(.elementor-drop-cap-view-default) .elementor-drop-cap-letter{width:1em;height:1em}.elementor-widget-text-editor .elementor-drop-cap{float:left;text-align:center;line-height:1;font-size:50px}.elementor-widget-text-editor .elementor-drop-cap-letter{display:inline-block}<\/style>\t\t\t\t<p>No cen\u00e1rio imobili\u00e1rio extremamente competitivo de hoje, distinguir sua empresa da concorr\u00eancia \u00e9 primordial. No BrandMan Digital Studio, nossos servi\u00e7os de branding imobili\u00e1rio s\u00e3o personalizados para ajudar as empresas a forjar uma identidade de marca distinta e conquistar uma posi\u00e7\u00e3o \u00fanica no mercado.<\/p><p>Entendemos as complexidades do setor imobili\u00e1rio e alavancamos nossa expertise para desenvolver estrat\u00e9gias de branding abrangentes que ressoem com seu p\u00fablico-alvo. Da cria\u00e7\u00e3o de identidades visuais atraentes \u00e0 cria\u00e7\u00e3o de mensagens estrat\u00e9gicas, trabalhamos em estreita colabora\u00e7\u00e3o com voc\u00ea para garantir que cada aspecto de sua marca reflita seus valores e o diferencie da multid\u00e3o.<\/p><p>Escolha o BrandMan Digital Studio para elevar sua marca imobili\u00e1ria e estabelecer uma forte presen\u00e7a no mercado. Deixe-nos ajud\u00e1-lo a desbloquear todo o potencial de sua marca e atrair mais clientes no cen\u00e1rio competitivo de hoje.<\/p>\t\t\t\t\t\t<\/div>\n\t\t\t\t<\/div>\n\t\t\t\t<\/div>\n\t\t\t\t<\/div>\n\t\t\t\t<\/div>\n\t\t<div class=\"elementor-element elementor-element-aed310a e-flex e-con-boxed e-con e-parent\" data-id=\"aed310a\" data-element_type=\"container\" data-settings=\"{&quot;background_background&quot;:&quot;classic&quot;}\">\n\t\t\t\t\t<div class=\"e-con-inner\">\n\t\t<div class=\"elementor-element elementor-element-12db204 e-con-full e-flex e-con e-child\" data-id=\"12db204\" data-element_type=\"container\">\n\t\t<div class=\"elementor-element elementor-element-d3f9c25 e-flex e-con-boxed e-con e-child\" data-id=\"d3f9c25\" data-element_type=\"container\" data-settings=\"{&quot;background_background&quot;:&quot;classic&quot;}\">\n\t\t\t\t\t<div class=\"e-con-inner\">\n\t\t\t\t<div class=\"elementor-element elementor-element-d2e3dbd elementor-widget elementor-widget-heading\" data-id=\"d2e3dbd\" data-element_type=\"widget\" data-widget_type=\"heading.default\">\n\t\t\t\t<div class=\"elementor-widget-container\">\n\t\t\t<h2 class=\"elementor-heading-title elementor-size-default\">1<\/h2>\t\t<\/div>\n\t\t\t\t<\/div>\n\t\t\t\t<div class=\"elementor-element elementor-element-66f6c3a elementor-widget elementor-widget-text-editor\" data-id=\"66f6c3a\" data-element_type=\"widget\" data-widget_type=\"text-editor.default\">\n\t\t\t\t<div class=\"elementor-widget-container\">\n\t\t\t\t\t\t\t<p>Estrat\u00e9gia de marca abrangente para estabelecer uma identidade de marca e uma mensagem fortes.<\/p>\t\t\t\t\t\t<\/div>\n\t\t\t\t<\/div>\n\t\t\t\t\t<\/div>\n\t\t\t\t<\/div>\n\t\t<div class=\"elementor-element elementor-element-05b36ab e-flex e-con-boxed e-con e-child\" data-id=\"05b36ab\" data-element_type=\"container\" data-settings=\"{&quot;background_background&quot;:&quot;classic&quot;}\">\n\t\t\t\t\t<div class=\"e-con-inner\">\n\t\t\t\t<div class=\"elementor-element elementor-element-316ec57 elementor-widget elementor-widget-heading\" data-id=\"316ec57\" data-element_type=\"widget\" data-widget_type=\"heading.default\">\n\t\t\t\t<div class=\"elementor-widget-container\">\n\t\t\t<h2 class=\"elementor-heading-title elementor-size-default\">2<\/h2>\t\t<\/div>\n\t\t\t\t<\/div>\n\t\t\t\t<div class=\"elementor-element elementor-element-f531db8 elementor-widget elementor-widget-text-editor\" data-id=\"f531db8\" data-element_type=\"widget\" data-widget_type=\"text-editor.default\">\n\t\t\t\t<div class=\"elementor-widget-container\">\n\t\t\t\t\t\t\t<p>Solu\u00e7\u00f5es de branding personalizadas para diferentes segmentos imobili\u00e1rios, como im\u00f3veis residenciais, comerciais e de luxo.<\/p>\t\t\t\t\t\t<\/div>\n\t\t\t\t<\/div>\n\t\t\t\t\t<\/div>\n\t\t\t\t<\/div>\n\t\t<div class=\"elementor-element elementor-element-483a167 e-flex e-con-boxed e-con e-child\" data-id=\"483a167\" data-element_type=\"container\" data-settings=\"{&quot;background_background&quot;:&quot;classic&quot;}\">\n\t\t\t\t\t<div class=\"e-con-inner\">\n\t\t\t\t<div class=\"elementor-element elementor-element-278167d elementor-widget elementor-widget-heading\" data-id=\"278167d\" data-element_type=\"widget\" data-widget_type=\"heading.default\">\n\t\t\t\t<div class=\"elementor-widget-container\">\n\t\t\t<h2 class=\"elementor-heading-title elementor-size-default\">3<\/h2>\t\t<\/div>\n\t\t\t\t<\/div>\n\t\t\t\t<div class=\"elementor-element elementor-element-7a34542 elementor-widget elementor-widget-text-editor\" data-id=\"7a34542\" data-element_type=\"widget\" data-widget_type=\"text-editor.default\">\n\t\t\t\t<div class=\"elementor-widget-container\">\n\t\t\t\t\t\t\t<p><span class=\"elementor-icon-list-text\">Elementos visuais que refletem os pontos de venda exclusivos da empresa imobili\u00e1ria.<\/span><\/p>\t\t\t\t\t\t<\/div>\n\t\t\t\t<\/div>\n\t\t\t\t\t<\/div>\n\t\t\t\t<\/div>\n\t\t\t\t<\/div>\n\t\t<div class=\"elementor-element elementor-element-5c30e83 e-con-full e-flex e-con e-child\" data-id=\"5c30e83\" data-element_type=\"container\">\n\t\t<div class=\"elementor-element elementor-element-40bcd32 e-con-full e-flex e-con e-child\" data-id=\"40bcd32\" data-element_type=\"container\" data-settings=\"{&quot;background_background&quot;:&quot;classic&quot;}\">\n\t\t\t\t<div class=\"elementor-element elementor-element-8f23b7c elementor-widget elementor-widget-heading\" data-id=\"8f23b7c\" data-element_type=\"widget\" data-widget_type=\"heading.default\">\n\t\t\t\t<div class=\"elementor-widget-container\">\n\t\t\t<h2 class=\"elementor-heading-title elementor-size-default\">4<\/h2>\t\t<\/div>\n\t\t\t\t<\/div>\n\t\t\t\t<div class=\"elementor-element elementor-element-475df91 elementor-widget elementor-widget-text-editor\" data-id=\"475df91\" data-element_type=\"widget\" data-widget_type=\"text-editor.default\">\n\t\t\t\t<div class=\"elementor-widget-container\">\n\t\t\t\t\t\t\t<p>Uso eficaz de canais de marketing para aumentar o conhecimento da marca e atrair clientes em potencial<\/p>\t\t\t\t\t\t<\/div>\n\t\t\t\t<\/div>\n\t\t\t\t<\/div>\n\t\t<div class=\"elementor-element elementor-element-fd72106 e-con-full e-flex e-con e-child\" data-id=\"fd72106\" data-element_type=\"container\" data-settings=\"{&quot;background_background&quot;:&quot;classic&quot;}\">\n\t\t\t\t<div class=\"elementor-element elementor-element-b2a2621 elementor-widget elementor-widget-heading\" data-id=\"b2a2621\" data-element_type=\"widget\" data-widget_type=\"heading.default\">\n\t\t\t\t<div class=\"elementor-widget-container\">\n\t\t\t<h2 class=\"elementor-heading-title elementor-size-default\">5<\/h2>\t\t<\/div>\n\t\t\t\t<\/div>\n\t\t\t\t<div class=\"elementor-element elementor-element-2f83dac elementor-widget elementor-widget-text-editor\" data-id=\"2f83dac\" data-element_type=\"widget\" data-widget_type=\"text-editor.default\">\n\t\t\t\t<div class=\"elementor-widget-container\">\n\t\t\t\t\t\t\t<div class=\"elementor-element elementor-element-0b24e1e animated-slow e-flex e-con-boxed e-con e-child\" data-id=\"0b24e1e\" data-element_type=\"container\" data-settings=\"{&quot;animation&quot;:&quot;none&quot;,&quot;animation_delay&quot;:200}\"><div class=\"e-con-inner\"><div class=\"elementor-element elementor-element-b4ea678 elementor-icon-list--layout-traditional elementor-list-item-link-full_width elementor-widget elementor-widget-icon-list\" data-id=\"b4ea678\" data-element_type=\"widget\" data-widget_type=\"icon-list.default\"><div class=\"elementor-widget-container\"><p><span class=\"elementor-icon-list-text\">Integra\u00e7\u00e3o com plataformas digitais para potencializar a presen\u00e7a online e gera\u00e7\u00e3o de leads.<\/span><\/p><\/div><\/div><\/div><\/div>\t\t\t\t\t\t<\/div>\n\t\t\t\t<\/div>\n\t\t\t\t<\/div>\n\t\t\t\t<\/div>\n\t\t\t\t\t<\/div>\n\t\t\t\t<\/div>\n\t\t\t\t<\/div>","protected":false},"excerpt":{"rendered":"<p>Real Estate Branding Agency Professional Branding Team with Real Estate Expertise | Customized Real Estate Branding Services | Branding Consultation and Strategy In today&#8217;s fiercely competitive real estate landscape, distinguishing your company from the competition is paramount. At BrandMan Digital Studio, our real estate branding services are tailored to help businesses forge a distinctive brand [&hellip;]<\/p>","protected":false},"author":1,"featured_media":0,"parent":0,"menu_order":0,"comment_status":"closed","ping_status":"closed","template":"","meta":{"_monsterinsights_skip_tracking":false,"_monsterinsights_sitenote_active":false,"_monsterinsights_sitenote_note":"","_monsterinsights_sitenote_category":0,"ocean_post_layout":"","ocean_both_sidebars_style":"","ocean_both_sidebars_content_width":0,"ocean_both_sidebars_sidebars_width":0,"ocean_sidebar":"","ocean_second_sidebar":"","ocean_disable_margins":"enable","ocean_add_body_class":"","ocean_shortcode_before_top_bar":"","ocean_shortcode_after_top_bar":"","ocean_shortcode_before_header":"","ocean_shortcode_after_header":"","ocean_has_shortcode":"","ocean_shortcode_after_title":"","ocean_shortcode_before_footer_widgets":"","ocean_shortcode_after_footer_widgets":"","ocean_shortcode_before_footer_bottom":"","ocean_shortcode_after_footer_bottom":"","ocean_display_top_bar":"default","ocean_display_header":"default","ocean_header_style":"","ocean_center_header_left_menu":"","ocean_custom_header_template":"","ocean_custom_logo":0,"ocean_custom_retina_logo":0,"ocean_custom_logo_max_width":0,"ocean_custom_logo_tablet_max_width":0,"ocean_custom_logo_mobile_max_width":0,"ocean_custom_logo_max_height":0,"ocean_custom_logo_tablet_max_height":0,"ocean_custom_logo_mobile_max_height":0,"ocean_header_custom_menu":"","ocean_menu_typo_font_family":"","ocean_menu_typo_font_subset":"","ocean_menu_typo_font_size":0,"ocean_menu_typo_font_size_tablet":0,"ocean_menu_typo_font_size_mobile":0,"ocean_menu_typo_font_size_unit":"px","ocean_menu_typo_font_weight":"","ocean_menu_typo_font_weight_tablet":"","ocean_menu_typo_font_weight_mobile":"","ocean_menu_typo_transform":"","ocean_menu_typo_transform_tablet":"","ocean_menu_typo_transform_mobile":"","ocean_menu_typo_line_height":0,"ocean_menu_typo_line_height_tablet":0,"ocean_menu_typo_line_height_mobile":0,"ocean_menu_typo_line_height_unit":"","ocean_menu_typo_spacing":0,"ocean_menu_typo_spacing_tablet":0,"ocean_menu_typo_spacing_mobile":0,"ocean_menu_typo_spacing_unit":"","ocean_menu_link_color":"","ocean_menu_link_color_hover":"","ocean_menu_link_color_active":"","ocean_menu_link_background":"","ocean_menu_link_hover_background":"","ocean_menu_link_active_background":"","ocean_menu_social_links_bg":"","ocean_menu_social_hover_links_bg":"","ocean_menu_social_links_color":"","ocean_menu_social_hover_links_color":"","ocean_disable_title":"default","ocean_disable_heading":"default","ocean_post_title":"","ocean_post_subheading":"","ocean_post_title_style":"","ocean_post_title_background_color":"","ocean_post_title_background":0,"ocean_post_title_bg_image_position":"","ocean_post_title_bg_image_attachment":"","ocean_post_title_bg_image_repeat":"","ocean_post_title_bg_image_size":"","ocean_post_title_height":0,"ocean_post_title_bg_overlay":0.5,"ocean_post_title_bg_overlay_color":"","ocean_disable_breadcrumbs":"default","ocean_breadcrumbs_color":"","ocean_breadcrumbs_separator_color":"","ocean_breadcrumbs_links_color":"","ocean_breadcrumbs_links_hover_color":"","ocean_display_footer_widgets":"default","ocean_display_footer_bottom":"default","ocean_custom_footer_template":"","footnotes":""},"class_list":["post-4882","page","type-page","status-publish","hentry","entry","owp-thumbs-layout-horizontal","owp-btn-normal","owp-tabs-layout-horizontal","has-no-thumbnails","has-product-nav"],"yoast_head":"<!-- This site is optimized with the Yoast SEO plugin v26.1.1 - https:\/\/yoast.com\/wordpress\/plugins\/seo\/ -->\n<title>Top Real Estate Branding Services \u2013 BrandMan | Brochures | Logos | Property Marketing | India | Africa | Mozambique | Middle East | UK | USA<\/title>\n<meta name=\"description\" content=\"Get creative real estate branding with BrandMan \u2013 from property brochures to logos and marketing solutions. Trusted agency for builders &amp; developers in India | Africa | Mozambique | Middle East | UK | USA.\" \/>\n<meta name=\"robots\" content=\"index, follow, max-snippet:-1, max-image-preview:large, max-video-preview:-1\" \/>\n<link rel=\"canonical\" href=\"https:\/\/www.brandman.agency\/pt\/real-estate-branding-agency-in-india-mozambique-africa-uk-usa-middle-east-hire-low-pricing-designers\/\" \/>\n<meta property=\"og:locale\" content=\"pt_PT\" \/>\n<meta property=\"og:type\" content=\"article\" \/>\n<meta property=\"og:title\" content=\"Top Real Estate Branding Services \u2013 BrandMan | Brochures | Logos | Property Marketing | India | Africa | Mozambique | Middle East | UK | USA\" \/>\n<meta property=\"og:description\" content=\"Get creative real estate branding with BrandMan \u2013 from property brochures to logos and marketing solutions. Trusted agency for builders &amp; developers in India | Africa | Mozambique | Middle East | UK | USA.\" \/>\n<meta property=\"og:url\" content=\"https:\/\/www.brandman.agency\/pt\/real-estate-branding-agency-in-india-mozambique-africa-uk-usa-middle-east-hire-low-pricing-designers\/\" \/>\n<meta property=\"og:site_name\" content=\"Award Winning Branding Agency - BrandMan\" \/>\n<meta property=\"article:modified_time\" content=\"2025-10-09T06:32:47+00:00\" \/>\n<meta name=\"twitter:card\" content=\"summary_large_image\" \/>\n<meta name=\"twitter:label1\" content=\"Tempo estimado de leitura\" \/>\n\t<meta name=\"twitter:data1\" content=\"1 minuto\" \/>\n<script type=\"application\/ld+json\" class=\"yoast-schema-graph\">{\"@context\":\"https:\/\/schema.org\",\"@graph\":[{\"@type\":\"WebPage\",\"@id\":\"https:\/\/www.brandman.agency\/real-estate-branding-agency-in-india-mozambique-africa-uk-usa-middle-east-hire-low-pricing-designers\/\",\"url\":\"https:\/\/www.brandman.agency\/real-estate-branding-agency-in-india-mozambique-africa-uk-usa-middle-east-hire-low-pricing-designers\/\",\"name\":\"Top Real Estate Branding Services \u2013 BrandMan | Brochures | Logos | Property Marketing | India | Africa | Mozambique | Middle East | UK | USA\",\"isPartOf\":{\"@id\":\"https:\/\/www.brandman.agency\/#website\"},\"datePublished\":\"2024-04-26T12:19:37+00:00\",\"dateModified\":\"2025-10-09T06:32:47+00:00\",\"description\":\"Get creative real estate branding with BrandMan \u2013 from property brochures to logos and marketing solutions. Trusted agency for builders & developers in India | Africa | Mozambique | Middle East | UK | USA.\",\"breadcrumb\":{\"@id\":\"https:\/\/www.brandman.agency\/real-estate-branding-agency-in-india-mozambique-africa-uk-usa-middle-east-hire-low-pricing-designers\/#breadcrumb\"},\"inLanguage\":\"pt-PT\",\"potentialAction\":[{\"@type\":\"ReadAction\",\"target\":[\"https:\/\/www.brandman.agency\/real-estate-branding-agency-in-india-mozambique-africa-uk-usa-middle-east-hire-low-pricing-designers\/\"]}]},{\"@type\":\"BreadcrumbList\",\"@id\":\"https:\/\/www.brandman.agency\/real-estate-branding-agency-in-india-mozambique-africa-uk-usa-middle-east-hire-low-pricing-designers\/#breadcrumb\",\"itemListElement\":[{\"@type\":\"ListItem\",\"position\":1,\"name\":\"Home\",\"item\":\"https:\/\/www.brandman.agency\/\"},{\"@type\":\"ListItem\",\"position\":2,\"name\":\"Real Estate Branding\"}]},{\"@type\":\"WebSite\",\"@id\":\"https:\/\/www.brandman.agency\/#website\",\"url\":\"https:\/\/www.brandman.agency\/\",\"name\":\"BrandMan\",\"description\":\"We are the Top Branding Company in India | Africa | Mozambique | Middle East | UK | USA. Build Your Brand Value With Full Digital Marketing Service To Become The Best Branding Agency.\",\"publisher\":{\"@id\":\"https:\/\/www.brandman.agency\/#organization\"},\"potentialAction\":[{\"@type\":\"SearchAction\",\"target\":{\"@type\":\"EntryPoint\",\"urlTemplate\":\"https:\/\/www.brandman.agency\/?s={search_term_string}\"},\"query-input\":{\"@type\":\"PropertyValueSpecification\",\"valueRequired\":true,\"valueName\":\"search_term_string\"}}],\"inLanguage\":\"pt-PT\"},{\"@type\":\"Organization\",\"@id\":\"https:\/\/www.brandman.agency\/#organization\",\"name\":\"BrandMan\",\"url\":\"https:\/\/www.brandman.agency\/\",\"logo\":{\"@type\":\"ImageObject\",\"inLanguage\":\"pt-PT\",\"@id\":\"https:\/\/www.brandman.agency\/#\/schema\/logo\/image\/\",\"url\":\"https:\/\/www.brandman.agency\/wp-content\/uploads\/2024\/05\/cropped-Favicon-BrandMan.png\",\"contentUrl\":\"https:\/\/www.brandman.agency\/wp-content\/uploads\/2024\/05\/cropped-Favicon-BrandMan.png\",\"width\":512,\"height\":512,\"caption\":\"BrandMan\"},\"image\":{\"@id\":\"https:\/\/www.brandman.agency\/#\/schema\/logo\/image\/\"}}]}<\/script>\n<!-- \/ Yoast SEO plugin. -->","yoast_head_json":{"title":"Top Real Estate Branding Services \u2013 BrandMan | Brochures | Logos | Property Marketing | India | Africa | Mozambique | Middle East | UK | USA","description":"Get creative real estate branding with BrandMan \u2013 from property brochures to logos and marketing solutions. Trusted agency for builders & developers in India | Africa | Mozambique | Middle East | UK | USA.","robots":{"index":"index","follow":"follow","max-snippet":"max-snippet:-1","max-image-preview":"max-image-preview:large","max-video-preview":"max-video-preview:-1"},"canonical":"https:\/\/www.brandman.agency\/pt\/real-estate-branding-agency-in-india-mozambique-africa-uk-usa-middle-east-hire-low-pricing-designers\/","og_locale":"pt_PT","og_type":"article","og_title":"Top Real Estate Branding Services \u2013 BrandMan | Brochures | Logos | Property Marketing | India | Africa | Mozambique | Middle East | UK | USA","og_description":"Get creative real estate branding with BrandMan \u2013 from property brochures to logos and marketing solutions. Trusted agency for builders & developers in India | Africa | Mozambique | Middle East | UK | USA.","og_url":"https:\/\/www.brandman.agency\/pt\/real-estate-branding-agency-in-india-mozambique-africa-uk-usa-middle-east-hire-low-pricing-designers\/","og_site_name":"Award Winning Branding Agency - BrandMan","article_modified_time":"2025-10-09T06:32:47+00:00","twitter_card":"summary_large_image","twitter_misc":{"Tempo estimado de leitura":"1 minuto"},"schema":{"@context":"https:\/\/schema.org","@graph":[{"@type":"WebPage","@id":"https:\/\/www.brandman.agency\/real-estate-branding-agency-in-india-mozambique-africa-uk-usa-middle-east-hire-low-pricing-designers\/","url":"https:\/\/www.brandman.agency\/real-estate-branding-agency-in-india-mozambique-africa-uk-usa-middle-east-hire-low-pricing-designers\/","name":"Top Real Estate Branding Services \u2013 BrandMan | Brochures | Logos | Property Marketing | India | Africa | Mozambique | Middle East | UK | USA","isPartOf":{"@id":"https:\/\/www.brandman.agency\/#website"},"datePublished":"2024-04-26T12:19:37+00:00","dateModified":"2025-10-09T06:32:47+00:00","description":"Get creative real estate branding with BrandMan \u2013 from property brochures to logos and marketing solutions. Trusted agency for builders & developers in India | Africa | Mozambique | Middle East | UK | USA.","breadcrumb":{"@id":"https:\/\/www.brandman.agency\/real-estate-branding-agency-in-india-mozambique-africa-uk-usa-middle-east-hire-low-pricing-designers\/#breadcrumb"},"inLanguage":"pt-PT","potentialAction":[{"@type":"ReadAction","target":["https:\/\/www.brandman.agency\/real-estate-branding-agency-in-india-mozambique-africa-uk-usa-middle-east-hire-low-pricing-designers\/"]}]},{"@type":"BreadcrumbList","@id":"https:\/\/www.brandman.agency\/real-estate-branding-agency-in-india-mozambique-africa-uk-usa-middle-east-hire-low-pricing-designers\/#breadcrumb","itemListElement":[{"@type":"ListItem","position":1,"name":"Home","item":"https:\/\/www.brandman.agency\/"},{"@type":"ListItem","position":2,"name":"Real Estate Branding"}]},{"@type":"WebSite","@id":"https:\/\/www.brandman.agency\/#website","url":"https:\/\/www.brandman.agency\/","name":"Homem de marca","description":"Somos a principal empresa de branding na \u00cdndia | \u00c1frica | Mo\u00e7ambique | Oriente M\u00e9dio | Reino Unido | EUA. Construa o valor da sua marca com um servi\u00e7o completo de marketing digital para se tornar a melhor ag\u00eancia de branding.","publisher":{"@id":"https:\/\/www.brandman.agency\/#organization"},"potentialAction":[{"@type":"SearchAction","target":{"@type":"EntryPoint","urlTemplate":"https:\/\/www.brandman.agency\/?s={search_term_string}"},"query-input":{"@type":"PropertyValueSpecification","valueRequired":true,"valueName":"search_term_string"}}],"inLanguage":"pt-PT"},{"@type":"Organization","@id":"https:\/\/www.brandman.agency\/#organization","name":"Homem de marca","url":"https:\/\/www.brandman.agency\/","logo":{"@type":"ImageObject","inLanguage":"pt-PT","@id":"https:\/\/www.brandman.agency\/#\/schema\/logo\/image\/","url":"https:\/\/www.brandman.agency\/wp-content\/uploads\/2024\/05\/cropped-Favicon-BrandMan.png","contentUrl":"https:\/\/www.brandman.agency\/wp-content\/uploads\/2024\/05\/cropped-Favicon-BrandMan.png","width":512,"height":512,"caption":"BrandMan"},"image":{"@id":"https:\/\/www.brandman.agency\/#\/schema\/logo\/image\/"}}]}},"_links":{"self":[{"href":"https:\/\/www.brandman.agency\/pt\/wp-json\/wp\/v2\/pages\/4882","targetHints":{"allow":["GET"]}}],"collection":[{"href":"https:\/\/www.brandman.agency\/pt\/wp-json\/wp\/v2\/pages"}],"about":[{"href":"https:\/\/www.brandman.agency\/pt\/wp-json\/wp\/v2\/types\/page"}],"author":[{"embeddable":true,"href":"https:\/\/www.brandman.agency\/pt\/wp-json\/wp\/v2\/users\/1"}],"replies":[{"embeddable":true,"href":"https:\/\/www.brandman.agency\/pt\/wp-json\/wp\/v2\/comments?post=4882"}],"version-history":[{"count":1,"href":"https:\/\/www.brandman.agency\/pt\/wp-json\/wp\/v2\/pages\/4882\/revisions"}],"predecessor-version":[{"id":14454,"href":"https:\/\/www.brandman.agency\/pt\/wp-json\/wp\/v2\/pages\/4882\/revisions\/14454"}],"wp:attachment":[{"href":"https:\/\/www.brandman.agency\/pt\/wp-json\/wp\/v2\/media?parent=4882"}],"curies":[{"name":"wp","href":"https:\/\/api.w.org\/{rel}","templated":true}]}}