{"id":5100,"date":"2024-04-29T10:27:17","date_gmt":"2024-04-29T10:27:17","guid":{"rendered":"https:\/\/www.brandman.agency\/?page_id=5100"},"modified":"2024-05-22T10:44:59","modified_gmt":"2024-05-22T10:44:59","slug":"top-video-production-experts-design-agency-in-india-mozambique-africa-uk-usa-middle-east-hire-low-pricing-designers","status":"publish","type":"page","link":"https:\/\/www.brandman.agency\/pt\/top-video-production-experts-design-agency-in-india-mozambique-africa-uk-usa-middle-east-hire-low-pricing-designers\/","title":{"rendered":"Especialistas em produ\u00e7\u00e3o de v\u00eddeo"},"content":{"rendered":"<div data-elementor-type=\"wp-page\" data-elementor-id=\"5100\" class=\"elementor elementor-5100\">\n\t\t\t\t<div class=\"elementor-element elementor-element-2486e7d e-con-full e-flex e-con e-parent\" data-id=\"2486e7d\" data-element_type=\"container\" data-settings=\"{&quot;background_background&quot;:&quot;classic&quot;}\">\n\t\t\t\t<div class=\"elementor-element elementor-element-85438e1 elementor-widget-mobile__width-initial elementor-widget elementor-widget-heading\" data-id=\"85438e1\" data-element_type=\"widget\" data-widget_type=\"heading.default\">\n\t\t\t\t<div class=\"elementor-widget-container\">\n\t\t\t<style>\/*! elementor - v3.23.0 - 05-08-2024 *\/\n.elementor-heading-title{padding:0;margin:0;line-height:1}.elementor-widget-heading .elementor-heading-title[class*=elementor-size-]>a{color:inherit;font-size:inherit;line-height:inherit}.elementor-widget-heading .elementor-heading-title.elementor-size-small{font-size:15px}.elementor-widget-heading .elementor-heading-title.elementor-size-medium{font-size:19px}.elementor-widget-heading .elementor-heading-title.elementor-size-large{font-size:29px}.elementor-widget-heading .elementor-heading-title.elementor-size-xl{font-size:39px}.elementor-widget-heading .elementor-heading-title.elementor-size-xxl{font-size:59px}<\/style><h2 class=\"elementor-heading-title elementor-size-default\">Especialistas em produ\u00e7\u00e3o de v\u00eddeo<\/h2>\t\t<\/div>\n\t\t\t\t<\/div>\n\t\t\t\t<div class=\"elementor-element elementor-element-62cdffd elementor-widget elementor-widget-heading\" data-id=\"62cdffd\" data-element_type=\"widget\" data-widget_type=\"heading.default\">\n\t\t\t\t<div class=\"elementor-widget-container\">\n\t\t\t<h5 class=\"elementor-heading-title elementor-size-default\">Servi\u00e7os profissionais de produ\u00e7\u00e3o de v\u00eddeo | Cria\u00e7\u00e3o de conte\u00fado de v\u00eddeo criativo | Equipe de produ\u00e7\u00e3o de v\u00eddeo experiente<\/h5>\t\t<\/div>\n\t\t\t\t<\/div>\n\t\t\t\t<\/div>\n\t\t<div class=\"elementor-element elementor-element-2815b13 e-con-full e-flex e-con e-parent\" data-id=\"2815b13\" data-element_type=\"container\" data-settings=\"{&quot;background_background&quot;:&quot;classic&quot;}\">\n\t\t<div class=\"elementor-element elementor-element-581ee80 e-con-full e-flex e-con e-child\" data-id=\"581ee80\" data-element_type=\"container\" id=\"header_section\">\n\t\t<div class=\"elementor-element elementor-element-4e55f19 e-con-full e-flex e-con e-child\" data-id=\"4e55f19\" data-element_type=\"container\" data-settings=\"{&quot;background_background&quot;:&quot;classic&quot;,&quot;position&quot;:&quot;absolute&quot;}\">\n\t\t\t\t<div class=\"elementor-element elementor-element-688ab50 elementor-widget elementor-widget-text-editor\" data-id=\"688ab50\" data-element_type=\"widget\" data-widget_type=\"text-editor.default\">\n\t\t\t\t<div class=\"elementor-widget-container\">\n\t\t\t<style>\/*! elementor - v3.23.0 - 05-08-2024 *\/\n.elementor-widget-text-editor.elementor-drop-cap-view-stacked .elementor-drop-cap{background-color:#69727d;color:#fff}.elementor-widget-text-editor.elementor-drop-cap-view-framed .elementor-drop-cap{color:#69727d;border:3px solid;background-color:transparent}.elementor-widget-text-editor:not(.elementor-drop-cap-view-default) .elementor-drop-cap{margin-top:8px}.elementor-widget-text-editor:not(.elementor-drop-cap-view-default) .elementor-drop-cap-letter{width:1em;height:1em}.elementor-widget-text-editor .elementor-drop-cap{float:left;text-align:center;line-height:1;font-size:50px}.elementor-widget-text-editor .elementor-drop-cap-letter{display:inline-block}<\/style>\t\t\t\t<p>Abrace o poder do v\u00eddeo em sua estrat\u00e9gia de marketing digital com nossos servi\u00e7os de Produ\u00e7\u00e3o de V\u00eddeo. No BrandMan Digital Studio, somos especialistas em criar v\u00eddeos envolventes e de alta qualidade que elevam a presen\u00e7a da sua marca.<\/p><p>Do desenvolvimento do conceito \u00e0 p\u00f3s-produ\u00e7\u00e3o, oferecemos solu\u00e7\u00f5es de ponta a ponta para atender a todas as suas necessidades de v\u00eddeo. Nossa equipe de especialistas trabalha em estreita colabora\u00e7\u00e3o com voc\u00ea para dar vida \u00e0 sua vis\u00e3o, garantindo que cada v\u00eddeo comunique sua mensagem de forma eficaz e cative seu p\u00fablico.<\/p><p>Escolha o BrandMan Digital Studio para produ\u00e7\u00e3o de v\u00eddeo que gera resultados e ajuda voc\u00ea a se destacar no cen\u00e1rio digital. Deixe-nos ajudar voc\u00ea a aproveitar todo o potencial do conte\u00fado de v\u00eddeo para elevar sua marca e envolver seu p\u00fablico.<\/p>\t\t\t\t\t\t<\/div>\n\t\t\t\t<\/div>\n\t\t\t\t<\/div>\n\t\t\t\t<\/div>\n\t\t\t\t<\/div>\n\t\t<div class=\"elementor-element elementor-element-aed310a e-flex e-con-boxed e-con e-parent\" data-id=\"aed310a\" data-element_type=\"container\" data-settings=\"{&quot;background_background&quot;:&quot;classic&quot;}\">\n\t\t\t\t\t<div class=\"e-con-inner\">\n\t\t<div class=\"elementor-element elementor-element-12db204 e-con-full e-flex e-con e-child\" data-id=\"12db204\" data-element_type=\"container\">\n\t\t<div class=\"elementor-element elementor-element-d3f9c25 e-flex e-con-boxed e-con e-child\" data-id=\"d3f9c25\" data-element_type=\"container\" data-settings=\"{&quot;background_background&quot;:&quot;classic&quot;}\">\n\t\t\t\t\t<div class=\"e-con-inner\">\n\t\t\t\t<div class=\"elementor-element elementor-element-d2e3dbd elementor-widget elementor-widget-heading\" data-id=\"d2e3dbd\" data-element_type=\"widget\" data-widget_type=\"heading.default\">\n\t\t\t\t<div class=\"elementor-widget-container\">\n\t\t\t<h2 class=\"elementor-heading-title elementor-size-default\">1<\/h2>\t\t<\/div>\n\t\t\t\t<\/div>\n\t\t\t\t<div class=\"elementor-element elementor-element-66f6c3a elementor-widget elementor-widget-text-editor\" data-id=\"66f6c3a\" data-element_type=\"widget\" data-widget_type=\"text-editor.default\">\n\t\t\t\t<div class=\"elementor-widget-container\">\n\t\t\t\t\t\t\t<p>Equipe dedicada de profissionais para roteiro, filmagem e edi\u00e7\u00e3o.<\/p>\t\t\t\t\t\t<\/div>\n\t\t\t\t<\/div>\n\t\t\t\t\t<\/div>\n\t\t\t\t<\/div>\n\t\t<div class=\"elementor-element elementor-element-05b36ab e-flex e-con-boxed e-con e-child\" data-id=\"05b36ab\" data-element_type=\"container\" data-settings=\"{&quot;background_background&quot;:&quot;classic&quot;}\">\n\t\t\t\t\t<div class=\"e-con-inner\">\n\t\t\t\t<div class=\"elementor-element elementor-element-316ec57 elementor-widget elementor-widget-heading\" data-id=\"316ec57\" data-element_type=\"widget\" data-widget_type=\"heading.default\">\n\t\t\t\t<div class=\"elementor-widget-container\">\n\t\t\t<h2 class=\"elementor-heading-title elementor-size-default\">2<\/h2>\t\t<\/div>\n\t\t\t\t<\/div>\n\t\t\t\t<div class=\"elementor-element elementor-element-f531db8 elementor-widget elementor-widget-text-editor\" data-id=\"f531db8\" data-element_type=\"widget\" data-widget_type=\"text-editor.default\">\n\t\t\t\t<div class=\"elementor-widget-container\">\n\t\t\t\t\t\t\t<p>Uso de equipamentos e tecnologia de ponta para resultados de alta qualidade.<\/p>\t\t\t\t\t\t<\/div>\n\t\t\t\t<\/div>\n\t\t\t\t\t<\/div>\n\t\t\t\t<\/div>\n\t\t<div class=\"elementor-element elementor-element-483a167 e-flex e-con-boxed e-con e-child\" data-id=\"483a167\" data-element_type=\"container\" data-settings=\"{&quot;background_background&quot;:&quot;classic&quot;}\">\n\t\t\t\t\t<div class=\"e-con-inner\">\n\t\t\t\t<div class=\"elementor-element elementor-element-278167d elementor-widget elementor-widget-heading\" data-id=\"278167d\" data-element_type=\"widget\" data-widget_type=\"heading.default\">\n\t\t\t\t<div class=\"elementor-widget-container\">\n\t\t\t<h2 class=\"elementor-heading-title elementor-size-default\">3<\/h2>\t\t<\/div>\n\t\t\t\t<\/div>\n\t\t\t\t<div class=\"elementor-element elementor-element-7a34542 elementor-widget elementor-widget-text-editor\" data-id=\"7a34542\" data-element_type=\"widget\" data-widget_type=\"text-editor.default\">\n\t\t\t\t<div class=\"elementor-widget-container\">\n\t\t\t\t\t\t\t<p>V\u00eddeos personalizados para atender aos objetivos da sua marca e ao seu p\u00fablico-alvo.<\/p>\t\t\t\t\t\t<\/div>\n\t\t\t\t<\/div>\n\t\t\t\t\t<\/div>\n\t\t\t\t<\/div>\n\t\t\t\t<\/div>\n\t\t<div class=\"elementor-element elementor-element-310405c e-con-full e-flex e-con e-child\" data-id=\"310405c\" data-element_type=\"container\">\n\t\t<div class=\"elementor-element elementor-element-b6f59b9 e-con-full e-flex e-con e-child\" data-id=\"b6f59b9\" data-element_type=\"container\" data-settings=\"{&quot;background_background&quot;:&quot;classic&quot;}\">\n\t\t\t\t<div class=\"elementor-element elementor-element-f27d937 elementor-widget elementor-widget-heading\" data-id=\"f27d937\" data-element_type=\"widget\" data-widget_type=\"heading.default\">\n\t\t\t\t<div class=\"elementor-widget-container\">\n\t\t\t<h2 class=\"elementor-heading-title elementor-size-default\">4<\/h2>\t\t<\/div>\n\t\t\t\t<\/div>\n\t\t\t\t<div class=\"elementor-element elementor-element-5cc8d23 elementor-widget elementor-widget-text-editor\" data-id=\"5cc8d23\" data-element_type=\"widget\" data-widget_type=\"text-editor.default\">\n\t\t\t\t<div class=\"elementor-widget-container\">\n\t\t\t\t\t\t\t<p>V\u00e1rios formatos de v\u00eddeo, como comerciais, v\u00eddeos explicativos, etc.<\/p>\t\t\t\t\t\t<\/div>\n\t\t\t\t<\/div>\n\t\t\t\t<\/div>\n\t\t<div class=\"elementor-element elementor-element-64c3cf9 e-con-full e-flex e-con e-child\" data-id=\"64c3cf9\" data-element_type=\"container\" data-settings=\"{&quot;background_background&quot;:&quot;classic&quot;}\">\n\t\t\t\t<div class=\"elementor-element elementor-element-9e36f74 elementor-widget elementor-widget-heading\" data-id=\"9e36f74\" data-element_type=\"widget\" data-widget_type=\"heading.default\">\n\t\t\t\t<div class=\"elementor-widget-container\">\n\t\t\t<h2 class=\"elementor-heading-title elementor-size-default\">5<\/h2>\t\t<\/div>\n\t\t\t\t<\/div>\n\t\t\t\t<div class=\"elementor-element elementor-element-4884956 elementor-widget elementor-widget-text-editor\" data-id=\"4884956\" data-element_type=\"widget\" data-widget_type=\"text-editor.default\">\n\t\t\t\t<div class=\"elementor-widget-container\">\n\t\t\t\t\t\t\t<p>Entrega pontual de projetos para atender ao seu cronograma de marketing.<\/p>\t\t\t\t\t\t<\/div>\n\t\t\t\t<\/div>\n\t\t\t\t<\/div>\n\t\t\t\t<\/div>\n\t\t\t\t\t<\/div>\n\t\t\t\t<\/div>\n\t\t\t\t<\/div>","protected":false},"excerpt":{"rendered":"<p>Video Production Experts Professional Video Production Services |Creative Video Content Creation | Experienced Video Production Team Embrace the power of video in your digital marketing strategy with our Video Production services. At BrandMan Digital Studio, we specialize in creating high-quality and engaging videos that elevate your brand presence. From concept development to post-production, we offer [&hellip;]<\/p>","protected":false},"author":1,"featured_media":0,"parent":0,"menu_order":0,"comment_status":"closed","ping_status":"closed","template":"","meta":{"_monsterinsights_skip_tracking":false,"_monsterinsights_sitenote_active":false,"_monsterinsights_sitenote_note":"","_monsterinsights_sitenote_category":0,"ocean_post_layout":"","ocean_both_sidebars_style":"","ocean_both_sidebars_content_width":0,"ocean_both_sidebars_sidebars_width":0,"ocean_sidebar":"","ocean_second_sidebar":"","ocean_disable_margins":"enable","ocean_add_body_class":"","ocean_shortcode_before_top_bar":"","ocean_shortcode_after_top_bar":"","ocean_shortcode_before_header":"","ocean_shortcode_after_header":"","ocean_has_shortcode":"","ocean_shortcode_after_title":"","ocean_shortcode_before_footer_widgets":"","ocean_shortcode_after_footer_widgets":"","ocean_shortcode_before_footer_bottom":"","ocean_shortcode_after_footer_bottom":"","ocean_display_top_bar":"default","ocean_display_header":"default","ocean_header_style":"","ocean_center_header_left_menu":"","ocean_custom_header_template":"","ocean_custom_logo":0,"ocean_custom_retina_logo":0,"ocean_custom_logo_max_width":0,"ocean_custom_logo_tablet_max_width":0,"ocean_custom_logo_mobile_max_width":0,"ocean_custom_logo_max_height":0,"ocean_custom_logo_tablet_max_height":0,"ocean_custom_logo_mobile_max_height":0,"ocean_header_custom_menu":"","ocean_menu_typo_font_family":"","ocean_menu_typo_font_subset":"","ocean_menu_typo_font_size":0,"ocean_menu_typo_font_size_tablet":0,"ocean_menu_typo_font_size_mobile":0,"ocean_menu_typo_font_size_unit":"px","ocean_menu_typo_font_weight":"","ocean_menu_typo_font_weight_tablet":"","ocean_menu_typo_font_weight_mobile":"","ocean_menu_typo_transform":"","ocean_menu_typo_transform_tablet":"","ocean_menu_typo_transform_mobile":"","ocean_menu_typo_line_height":0,"ocean_menu_typo_line_height_tablet":0,"ocean_menu_typo_line_height_mobile":0,"ocean_menu_typo_line_height_unit":"","ocean_menu_typo_spacing":0,"ocean_menu_typo_spacing_tablet":0,"ocean_menu_typo_spacing_mobile":0,"ocean_menu_typo_spacing_unit":"","ocean_menu_link_color":"","ocean_menu_link_color_hover":"","ocean_menu_link_color_active":"","ocean_menu_link_background":"","ocean_menu_link_hover_background":"","ocean_menu_link_active_background":"","ocean_menu_social_links_bg":"","ocean_menu_social_hover_links_bg":"","ocean_menu_social_links_color":"","ocean_menu_social_hover_links_color":"","ocean_disable_title":"default","ocean_disable_heading":"default","ocean_post_title":"","ocean_post_subheading":"","ocean_post_title_style":"","ocean_post_title_background_color":"","ocean_post_title_background":0,"ocean_post_title_bg_image_position":"","ocean_post_title_bg_image_attachment":"","ocean_post_title_bg_image_repeat":"","ocean_post_title_bg_image_size":"","ocean_post_title_height":0,"ocean_post_title_bg_overlay":0.5,"ocean_post_title_bg_overlay_color":"","ocean_disable_breadcrumbs":"default","ocean_breadcrumbs_color":"","ocean_breadcrumbs_separator_color":"","ocean_breadcrumbs_links_color":"","ocean_breadcrumbs_links_hover_color":"","ocean_display_footer_widgets":"default","ocean_display_footer_bottom":"default","ocean_custom_footer_template":"","footnotes":""},"class_list":["post-5100","page","type-page","status-publish","hentry","entry","owp-thumbs-layout-horizontal","owp-btn-normal","owp-tabs-layout-horizontal","has-no-thumbnails","has-product-nav"],"yoast_head":"<!-- This site is optimized with the Yoast SEO plugin v26.1.1 - https:\/\/yoast.com\/wordpress\/plugins\/seo\/ -->\n<title>Video Production Experts - Award Winning Branding Agency - BrandMan<\/title>\n<meta name=\"robots\" content=\"index, follow, max-snippet:-1, max-image-preview:large, max-video-preview:-1\" \/>\n<link rel=\"canonical\" href=\"https:\/\/www.brandman.agency\/pt\/top-video-production-experts-design-agency-in-india-mozambique-africa-uk-usa-middle-east-hire-low-pricing-designers\/\" \/>\n<meta property=\"og:locale\" content=\"pt_PT\" \/>\n<meta property=\"og:type\" content=\"article\" \/>\n<meta property=\"og:title\" content=\"Video Production Experts - Award Winning Branding Agency - BrandMan\" \/>\n<meta property=\"og:description\" content=\"Video Production Experts Professional Video Production Services |Creative Video Content Creation | Experienced Video Production Team Embrace the power of video in your digital marketing strategy with our Video Production services. At BrandMan Digital Studio, we specialize in creating high-quality and engaging videos that elevate your brand presence. From concept development to post-production, we offer [&hellip;]\" \/>\n<meta property=\"og:url\" content=\"https:\/\/www.brandman.agency\/pt\/top-video-production-experts-design-agency-in-india-mozambique-africa-uk-usa-middle-east-hire-low-pricing-designers\/\" \/>\n<meta property=\"og:site_name\" content=\"Award Winning Branding Agency - BrandMan\" \/>\n<meta property=\"article:modified_time\" content=\"2024-05-22T10:44:59+00:00\" \/>\n<meta name=\"twitter:card\" content=\"summary_large_image\" \/>\n<meta name=\"twitter:label1\" content=\"Tempo estimado de leitura\" \/>\n\t<meta name=\"twitter:data1\" content=\"1 minuto\" \/>\n<script type=\"application\/ld+json\" class=\"yoast-schema-graph\">{\"@context\":\"https:\/\/schema.org\",\"@graph\":[{\"@type\":\"WebPage\",\"@id\":\"https:\/\/www.brandman.agency\/top-video-production-experts-design-agency-in-india-mozambique-africa-uk-usa-middle-east-hire-low-pricing-designers\/\",\"url\":\"https:\/\/www.brandman.agency\/top-video-production-experts-design-agency-in-india-mozambique-africa-uk-usa-middle-east-hire-low-pricing-designers\/\",\"name\":\"Video Production Experts - Award Winning Branding Agency - BrandMan\",\"isPartOf\":{\"@id\":\"https:\/\/www.brandman.agency\/#website\"},\"datePublished\":\"2024-04-29T10:27:17+00:00\",\"dateModified\":\"2024-05-22T10:44:59+00:00\",\"breadcrumb\":{\"@id\":\"https:\/\/www.brandman.agency\/top-video-production-experts-design-agency-in-india-mozambique-africa-uk-usa-middle-east-hire-low-pricing-designers\/#breadcrumb\"},\"inLanguage\":\"pt-PT\",\"potentialAction\":[{\"@type\":\"ReadAction\",\"target\":[\"https:\/\/www.brandman.agency\/top-video-production-experts-design-agency-in-india-mozambique-africa-uk-usa-middle-east-hire-low-pricing-designers\/\"]}]},{\"@type\":\"BreadcrumbList\",\"@id\":\"https:\/\/www.brandman.agency\/top-video-production-experts-design-agency-in-india-mozambique-africa-uk-usa-middle-east-hire-low-pricing-designers\/#breadcrumb\",\"itemListElement\":[{\"@type\":\"ListItem\",\"position\":1,\"name\":\"Home\",\"item\":\"https:\/\/www.brandman.agency\/\"},{\"@type\":\"ListItem\",\"position\":2,\"name\":\"Video Production Experts\"}]},{\"@type\":\"WebSite\",\"@id\":\"https:\/\/www.brandman.agency\/#website\",\"url\":\"https:\/\/www.brandman.agency\/\",\"name\":\"BrandMan\",\"description\":\"We are the Top Branding Company in India | Africa | Mozambique | Middle East | UK | USA. Build Your Brand Value With Full Digital Marketing Service To Become The Best Branding Agency.\",\"publisher\":{\"@id\":\"https:\/\/www.brandman.agency\/#organization\"},\"potentialAction\":[{\"@type\":\"SearchAction\",\"target\":{\"@type\":\"EntryPoint\",\"urlTemplate\":\"https:\/\/www.brandman.agency\/?s={search_term_string}\"},\"query-input\":{\"@type\":\"PropertyValueSpecification\",\"valueRequired\":true,\"valueName\":\"search_term_string\"}}],\"inLanguage\":\"pt-PT\"},{\"@type\":\"Organization\",\"@id\":\"https:\/\/www.brandman.agency\/#organization\",\"name\":\"BrandMan\",\"url\":\"https:\/\/www.brandman.agency\/\",\"logo\":{\"@type\":\"ImageObject\",\"inLanguage\":\"pt-PT\",\"@id\":\"https:\/\/www.brandman.agency\/#\/schema\/logo\/image\/\",\"url\":\"https:\/\/www.brandman.agency\/wp-content\/uploads\/2024\/05\/cropped-Favicon-BrandMan.png\",\"contentUrl\":\"https:\/\/www.brandman.agency\/wp-content\/uploads\/2024\/05\/cropped-Favicon-BrandMan.png\",\"width\":512,\"height\":512,\"caption\":\"BrandMan\"},\"image\":{\"@id\":\"https:\/\/www.brandman.agency\/#\/schema\/logo\/image\/\"}}]}<\/script>\n<!-- \/ Yoast SEO plugin. -->","yoast_head_json":{"title":"Video Production Experts - Award Winning Branding Agency - BrandMan","robots":{"index":"index","follow":"follow","max-snippet":"max-snippet:-1","max-image-preview":"max-image-preview:large","max-video-preview":"max-video-preview:-1"},"canonical":"https:\/\/www.brandman.agency\/pt\/top-video-production-experts-design-agency-in-india-mozambique-africa-uk-usa-middle-east-hire-low-pricing-designers\/","og_locale":"pt_PT","og_type":"article","og_title":"Video Production Experts - Award Winning Branding Agency - BrandMan","og_description":"Video Production Experts Professional Video Production Services |Creative Video Content Creation | Experienced Video Production Team Embrace the power of video in your digital marketing strategy with our Video Production services. At BrandMan Digital Studio, we specialize in creating high-quality and engaging videos that elevate your brand presence. From concept development to post-production, we offer [&hellip;]","og_url":"https:\/\/www.brandman.agency\/pt\/top-video-production-experts-design-agency-in-india-mozambique-africa-uk-usa-middle-east-hire-low-pricing-designers\/","og_site_name":"Award Winning Branding Agency - BrandMan","article_modified_time":"2024-05-22T10:44:59+00:00","twitter_card":"summary_large_image","twitter_misc":{"Tempo estimado de leitura":"1 minuto"},"schema":{"@context":"https:\/\/schema.org","@graph":[{"@type":"WebPage","@id":"https:\/\/www.brandman.agency\/top-video-production-experts-design-agency-in-india-mozambique-africa-uk-usa-middle-east-hire-low-pricing-designers\/","url":"https:\/\/www.brandman.agency\/top-video-production-experts-design-agency-in-india-mozambique-africa-uk-usa-middle-east-hire-low-pricing-designers\/","name":"Video Production Experts - Award Winning Branding Agency - BrandMan","isPartOf":{"@id":"https:\/\/www.brandman.agency\/#website"},"datePublished":"2024-04-29T10:27:17+00:00","dateModified":"2024-05-22T10:44:59+00:00","breadcrumb":{"@id":"https:\/\/www.brandman.agency\/top-video-production-experts-design-agency-in-india-mozambique-africa-uk-usa-middle-east-hire-low-pricing-designers\/#breadcrumb"},"inLanguage":"pt-PT","potentialAction":[{"@type":"ReadAction","target":["https:\/\/www.brandman.agency\/top-video-production-experts-design-agency-in-india-mozambique-africa-uk-usa-middle-east-hire-low-pricing-designers\/"]}]},{"@type":"BreadcrumbList","@id":"https:\/\/www.brandman.agency\/top-video-production-experts-design-agency-in-india-mozambique-africa-uk-usa-middle-east-hire-low-pricing-designers\/#breadcrumb","itemListElement":[{"@type":"ListItem","position":1,"name":"Home","item":"https:\/\/www.brandman.agency\/"},{"@type":"ListItem","position":2,"name":"Video Production Experts"}]},{"@type":"WebSite","@id":"https:\/\/www.brandman.agency\/#website","url":"https:\/\/www.brandman.agency\/","name":"Homem de marca","description":"Somos a principal empresa de branding na \u00cdndia | \u00c1frica | Mo\u00e7ambique | Oriente M\u00e9dio | Reino Unido | EUA. Construa o valor da sua marca com um servi\u00e7o completo de marketing digital para se tornar a melhor ag\u00eancia de branding.","publisher":{"@id":"https:\/\/www.brandman.agency\/#organization"},"potentialAction":[{"@type":"SearchAction","target":{"@type":"EntryPoint","urlTemplate":"https:\/\/www.brandman.agency\/?s={search_term_string}"},"query-input":{"@type":"PropertyValueSpecification","valueRequired":true,"valueName":"search_term_string"}}],"inLanguage":"pt-PT"},{"@type":"Organization","@id":"https:\/\/www.brandman.agency\/#organization","name":"Homem de marca","url":"https:\/\/www.brandman.agency\/","logo":{"@type":"ImageObject","inLanguage":"pt-PT","@id":"https:\/\/www.brandman.agency\/#\/schema\/logo\/image\/","url":"https:\/\/www.brandman.agency\/wp-content\/uploads\/2024\/05\/cropped-Favicon-BrandMan.png","contentUrl":"https:\/\/www.brandman.agency\/wp-content\/uploads\/2024\/05\/cropped-Favicon-BrandMan.png","width":512,"height":512,"caption":"BrandMan"},"image":{"@id":"https:\/\/www.brandman.agency\/#\/schema\/logo\/image\/"}}]}},"_links":{"self":[{"href":"https:\/\/www.brandman.agency\/pt\/wp-json\/wp\/v2\/pages\/5100","targetHints":{"allow":["GET"]}}],"collection":[{"href":"https:\/\/www.brandman.agency\/pt\/wp-json\/wp\/v2\/pages"}],"about":[{"href":"https:\/\/www.brandman.agency\/pt\/wp-json\/wp\/v2\/types\/page"}],"author":[{"embeddable":true,"href":"https:\/\/www.brandman.agency\/pt\/wp-json\/wp\/v2\/users\/1"}],"replies":[{"embeddable":true,"href":"https:\/\/www.brandman.agency\/pt\/wp-json\/wp\/v2\/comments?post=5100"}],"version-history":[{"count":0,"href":"https:\/\/www.brandman.agency\/pt\/wp-json\/wp\/v2\/pages\/5100\/revisions"}],"wp:attachment":[{"href":"https:\/\/www.brandman.agency\/pt\/wp-json\/wp\/v2\/media?parent=5100"}],"curies":[{"name":"wp","href":"https:\/\/api.w.org\/{rel}","templated":true}]}}