{"id":13414,"date":"2024-08-16T09:22:00","date_gmt":"2024-08-16T09:22:00","guid":{"rendered":"https:\/\/www.brandman.agency\/?post_type=product&#038;p=13414"},"modified":"2024-08-16T09:28:44","modified_gmt":"2024-08-16T09:28:44","slug":"festival-greeting-design-1-festival-design","status":"publish","type":"product","link":"https:\/\/www.brandman.agency\/pt\/package\/festival-greeting-design-1-festival-design\/","title":{"rendered":"Design de sauda\u00e7\u00e3o de festival 1 Design de festival"},"content":{"rendered":"<ul>\n<li>Tarefa v\u00e1lida por 1 dia a partir do pedido, caso contr\u00e1rio ser\u00e1 considerado novo projeto<\/li>\n<li>Nossa criatividade sob medida com um pagamento antecipado 100% n\u00e3o reembols\u00e1vel, adaptado exclusivamente para sua vis\u00e3o \u00fanica. Obrigado pela sua compreens\u00e3o.<\/li>\n<\/ul>","protected":false},"excerpt":{"rendered":"<ul>\n<li>Sauda\u00e7\u00e3o de um festival sob demanda<\/li>\n<li>Voc\u00ea tem que compartilhar uma imagem de refer\u00eancia de sua prefer\u00eancia. Se voc\u00ea n\u00e3o fornecer uma refer\u00eancia, n\u00f3s mesmos projetaremos. Nesse design, h\u00e1 apenas uma revis\u00e3o.<\/li>\n<li>Ap\u00f3s uma revis\u00e3o gratuita, as pr\u00f3ximas revis\u00f5es ser\u00e3o cobradas de hora em hora.<\/li>\n<\/ul>","protected":false},"featured_media":3980,"template":"","meta":{"_monsterinsights_skip_tracking":false,"_monsterinsights_sitenote_active":false,"_monsterinsights_sitenote_note":"","_monsterinsights_sitenote_category":0,"ocean_post_layout":"","ocean_both_sidebars_style":"","ocean_both_sidebars_content_width":0,"ocean_both_sidebars_sidebars_width":0,"ocean_sidebar":"0","ocean_second_sidebar":"0","ocean_disable_margins":"enable","ocean_add_body_class":"","ocean_shortcode_before_top_bar":"","ocean_shortcode_after_top_bar":"","ocean_shortcode_before_header":"","ocean_shortcode_after_header":"","ocean_has_shortcode":"","ocean_shortcode_after_title":"","ocean_shortcode_before_footer_widgets":"","ocean_shortcode_after_footer_widgets":"","ocean_shortcode_before_footer_bottom":"","ocean_shortcode_after_footer_bottom":"","ocean_display_top_bar":"default","ocean_display_header":"default","ocean_header_style":"","ocean_center_header_left_menu":"0","ocean_custom_header_template":"0","ocean_custom_logo":0,"ocean_custom_retina_logo":0,"ocean_custom_logo_max_width":0,"ocean_custom_logo_tablet_max_width":0,"ocean_custom_logo_mobile_max_width":0,"ocean_custom_logo_max_height":0,"ocean_custom_logo_tablet_max_height":0,"ocean_custom_logo_mobile_max_height":0,"ocean_header_custom_menu":"0","ocean_menu_typo_font_family":"0","ocean_menu_typo_font_subset":"","ocean_menu_typo_font_size":0,"ocean_menu_typo_font_size_tablet":0,"ocean_menu_typo_font_size_mobile":0,"ocean_menu_typo_font_size_unit":"px","ocean_menu_typo_font_weight":"","ocean_menu_typo_font_weight_tablet":"","ocean_menu_typo_font_weight_mobile":"","ocean_menu_typo_transform":"","ocean_menu_typo_transform_tablet":"","ocean_menu_typo_transform_mobile":"","ocean_menu_typo_line_height":0,"ocean_menu_typo_line_height_tablet":0,"ocean_menu_typo_line_height_mobile":0,"ocean_menu_typo_line_height_unit":"","ocean_menu_typo_spacing":0,"ocean_menu_typo_spacing_tablet":0,"ocean_menu_typo_spacing_mobile":0,"ocean_menu_typo_spacing_unit":"","ocean_menu_link_color":"","ocean_menu_link_color_hover":"","ocean_menu_link_color_active":"","ocean_menu_link_background":"","ocean_menu_link_hover_background":"","ocean_menu_link_active_background":"","ocean_menu_social_links_bg":"","ocean_menu_social_hover_links_bg":"","ocean_menu_social_links_color":"","ocean_menu_social_hover_links_color":"","ocean_disable_title":"default","ocean_disable_heading":"default","ocean_post_title":"","ocean_post_subheading":"","ocean_post_title_style":"","ocean_post_title_background_color":"","ocean_post_title_background":0,"ocean_post_title_bg_image_position":"","ocean_post_title_bg_image_attachment":"","ocean_post_title_bg_image_repeat":"","ocean_post_title_bg_image_size":"","ocean_post_title_height":0,"ocean_post_title_bg_overlay":0.5,"ocean_post_title_bg_overlay_color":"","ocean_disable_breadcrumbs":"default","ocean_breadcrumbs_color":"","ocean_breadcrumbs_separator_color":"","ocean_breadcrumbs_links_color":"","ocean_breadcrumbs_links_hover_color":"","ocean_display_footer_widgets":"default","ocean_display_footer_bottom":"default","ocean_custom_footer_template":"0"},"product_brand":[],"product_cat":[53],"product_tag":[],"class_list":{"0":"post-13414","1":"product","2":"type-product","3":"status-publish","4":"has-post-thumbnail","6":"product_cat-digital","8":"entry","9":"has-media","11":"first","12":"instock","13":"virtual","14":"purchasable","15":"product-type-simple","16":"has-product-nav","17":"col","18":"span_1_of_3","19":"owp-content-center","20":"owp-thumbs-layout-horizontal","21":"owp-btn-normal","22":"owp-tabs-layout-horizontal"},"yoast_head":"<!-- This site is optimized with the Yoast SEO plugin v26.1.1 - https:\/\/yoast.com\/wordpress\/plugins\/seo\/ -->\n<title>Festival Greeting Design 1 Festival Design - Award Winning Branding Agency - BrandMan<\/title>\n<meta name=\"robots\" content=\"index, follow, max-snippet:-1, max-image-preview:large, max-video-preview:-1\" \/>\n<link rel=\"canonical\" href=\"https:\/\/www.brandman.agency\/pt\/package\/festival-greeting-design-1-festival-design\/\" \/>\n<meta property=\"og:locale\" content=\"pt_PT\" \/>\n<meta property=\"og:type\" content=\"article\" \/>\n<meta property=\"og:title\" content=\"Festival Greeting Design 1 Festival Design - Award Winning Branding Agency - BrandMan\" \/>\n<meta property=\"og:description\" content=\"On demand One Festival Greeting  You have to share reference image of your liking, If you don\u2019t provide reference then we will design ourselves. In that design there is only one time revision.  After one free revision, next revisions will be on charge on hourly basis.\" \/>\n<meta property=\"og:url\" content=\"https:\/\/www.brandman.agency\/pt\/package\/festival-greeting-design-1-festival-design\/\" \/>\n<meta property=\"og:site_name\" content=\"Award Winning Branding Agency - BrandMan\" \/>\n<meta property=\"article:modified_time\" content=\"2024-08-16T09:28:44+00:00\" \/>\n<meta property=\"og:image\" content=\"https:\/\/www.brandman.agency\/wp-content\/uploads\/2024\/04\/Rang-Panchami-min.jpg\" \/>\n\t<meta property=\"og:image:width\" content=\"1920\" \/>\n\t<meta property=\"og:image:height\" content=\"1920\" \/>\n\t<meta property=\"og:image:type\" content=\"image\/jpeg\" \/>\n<meta name=\"twitter:card\" content=\"summary_large_image\" \/>\n<script type=\"application\/ld+json\" class=\"yoast-schema-graph\">{\"@context\":\"https:\/\/schema.org\",\"@graph\":[{\"@type\":\"WebPage\",\"@id\":\"https:\/\/www.brandman.agency\/package\/festival-greeting-design-1-festival-design\/\",\"url\":\"https:\/\/www.brandman.agency\/package\/festival-greeting-design-1-festival-design\/\",\"name\":\"Festival Greeting Design 1 Festival Design - Award Winning Branding Agency - BrandMan\",\"isPartOf\":{\"@id\":\"https:\/\/www.brandman.agency\/#website\"},\"primaryImageOfPage\":{\"@id\":\"https:\/\/www.brandman.agency\/package\/festival-greeting-design-1-festival-design\/#primaryimage\"},\"image\":{\"@id\":\"https:\/\/www.brandman.agency\/package\/festival-greeting-design-1-festival-design\/#primaryimage\"},\"thumbnailUrl\":\"https:\/\/www.brandman.agency\/wp-content\/uploads\/2024\/04\/Rang-Panchami-min.jpg\",\"datePublished\":\"2024-08-16T09:22:00+00:00\",\"dateModified\":\"2024-08-16T09:28:44+00:00\",\"breadcrumb\":{\"@id\":\"https:\/\/www.brandman.agency\/package\/festival-greeting-design-1-festival-design\/#breadcrumb\"},\"inLanguage\":\"pt-PT\",\"potentialAction\":[{\"@type\":\"ReadAction\",\"target\":[\"https:\/\/www.brandman.agency\/package\/festival-greeting-design-1-festival-design\/\"]}]},{\"@type\":\"ImageObject\",\"inLanguage\":\"pt-PT\",\"@id\":\"https:\/\/www.brandman.agency\/package\/festival-greeting-design-1-festival-design\/#primaryimage\",\"url\":\"https:\/\/www.brandman.agency\/wp-content\/uploads\/2024\/04\/Rang-Panchami-min.jpg\",\"contentUrl\":\"https:\/\/www.brandman.agency\/wp-content\/uploads\/2024\/04\/Rang-Panchami-min.jpg\",\"width\":1920,\"height\":1920,\"caption\":\"Flyer\"},{\"@type\":\"BreadcrumbList\",\"@id\":\"https:\/\/www.brandman.agency\/package\/festival-greeting-design-1-festival-design\/#breadcrumb\",\"itemListElement\":[{\"@type\":\"ListItem\",\"position\":1,\"name\":\"Home\",\"item\":\"https:\/\/www.brandman.agency\/\"},{\"@type\":\"ListItem\",\"position\":2,\"name\":\"Packages\",\"item\":\"https:\/\/www.brandman.agency\/top-packages-design-agency-in-india-mozambique-africa-uk-usa-middle-east-hire-low-pricing-designers\/\"},{\"@type\":\"ListItem\",\"position\":3,\"name\":\"Festival Greeting Design 1 Festival Design\"}]},{\"@type\":\"WebSite\",\"@id\":\"https:\/\/www.brandman.agency\/#website\",\"url\":\"https:\/\/www.brandman.agency\/\",\"name\":\"BrandMan\",\"description\":\"We are the Top Branding Company in India | Africa | Mozambique | Middle East | UK | USA. Build Your Brand Value With Full Digital Marketing Service To Become The Best Branding Agency.\",\"publisher\":{\"@id\":\"https:\/\/www.brandman.agency\/#organization\"},\"potentialAction\":[{\"@type\":\"SearchAction\",\"target\":{\"@type\":\"EntryPoint\",\"urlTemplate\":\"https:\/\/www.brandman.agency\/?s={search_term_string}\"},\"query-input\":{\"@type\":\"PropertyValueSpecification\",\"valueRequired\":true,\"valueName\":\"search_term_string\"}}],\"inLanguage\":\"pt-PT\"},{\"@type\":\"Organization\",\"@id\":\"https:\/\/www.brandman.agency\/#organization\",\"name\":\"BrandMan\",\"url\":\"https:\/\/www.brandman.agency\/\",\"logo\":{\"@type\":\"ImageObject\",\"inLanguage\":\"pt-PT\",\"@id\":\"https:\/\/www.brandman.agency\/#\/schema\/logo\/image\/\",\"url\":\"https:\/\/www.brandman.agency\/wp-content\/uploads\/2024\/05\/cropped-Favicon-BrandMan.png\",\"contentUrl\":\"https:\/\/www.brandman.agency\/wp-content\/uploads\/2024\/05\/cropped-Favicon-BrandMan.png\",\"width\":512,\"height\":512,\"caption\":\"BrandMan\"},\"image\":{\"@id\":\"https:\/\/www.brandman.agency\/#\/schema\/logo\/image\/\"}}]}<\/script>\n<!-- \/ Yoast SEO plugin. -->","yoast_head_json":{"title":"Festival Greeting Design 1 Festival Design - Award Winning Branding Agency - BrandMan","robots":{"index":"index","follow":"follow","max-snippet":"max-snippet:-1","max-image-preview":"max-image-preview:large","max-video-preview":"max-video-preview:-1"},"canonical":"https:\/\/www.brandman.agency\/pt\/package\/festival-greeting-design-1-festival-design\/","og_locale":"pt_PT","og_type":"article","og_title":"Festival Greeting Design 1 Festival Design - Award Winning Branding Agency - BrandMan","og_description":"On demand One Festival Greeting  You have to share reference image of your liking, If you don\u2019t provide reference then we will design ourselves. In that design there is only one time revision.  After one free revision, next revisions will be on charge on hourly basis.","og_url":"https:\/\/www.brandman.agency\/pt\/package\/festival-greeting-design-1-festival-design\/","og_site_name":"Award Winning Branding Agency - BrandMan","article_modified_time":"2024-08-16T09:28:44+00:00","og_image":[{"width":1920,"height":1920,"url":"https:\/\/www.brandman.agency\/wp-content\/uploads\/2024\/04\/Rang-Panchami-min.jpg","type":"image\/jpeg"}],"twitter_card":"summary_large_image","schema":{"@context":"https:\/\/schema.org","@graph":[{"@type":"WebPage","@id":"https:\/\/www.brandman.agency\/package\/festival-greeting-design-1-festival-design\/","url":"https:\/\/www.brandman.agency\/package\/festival-greeting-design-1-festival-design\/","name":"Festival Greeting Design 1 Festival Design - Award Winning Branding Agency - BrandMan","isPartOf":{"@id":"https:\/\/www.brandman.agency\/#website"},"primaryImageOfPage":{"@id":"https:\/\/www.brandman.agency\/package\/festival-greeting-design-1-festival-design\/#primaryimage"},"image":{"@id":"https:\/\/www.brandman.agency\/package\/festival-greeting-design-1-festival-design\/#primaryimage"},"thumbnailUrl":"https:\/\/www.brandman.agency\/wp-content\/uploads\/2024\/04\/Rang-Panchami-min.jpg","datePublished":"2024-08-16T09:22:00+00:00","dateModified":"2024-08-16T09:28:44+00:00","breadcrumb":{"@id":"https:\/\/www.brandman.agency\/package\/festival-greeting-design-1-festival-design\/#breadcrumb"},"inLanguage":"pt-PT","potentialAction":[{"@type":"ReadAction","target":["https:\/\/www.brandman.agency\/package\/festival-greeting-design-1-festival-design\/"]}]},{"@type":"ImageObject","inLanguage":"pt-PT","@id":"https:\/\/www.brandman.agency\/package\/festival-greeting-design-1-festival-design\/#primaryimage","url":"https:\/\/www.brandman.agency\/wp-content\/uploads\/2024\/04\/Rang-Panchami-min.jpg","contentUrl":"https:\/\/www.brandman.agency\/wp-content\/uploads\/2024\/04\/Rang-Panchami-min.jpg","width":1920,"height":1920,"caption":"Flyer"},{"@type":"BreadcrumbList","@id":"https:\/\/www.brandman.agency\/package\/festival-greeting-design-1-festival-design\/#breadcrumb","itemListElement":[{"@type":"ListItem","position":1,"name":"Home","item":"https:\/\/www.brandman.agency\/"},{"@type":"ListItem","position":2,"name":"Packages","item":"https:\/\/www.brandman.agency\/top-packages-design-agency-in-india-mozambique-africa-uk-usa-middle-east-hire-low-pricing-designers\/"},{"@type":"ListItem","position":3,"name":"Festival Greeting Design 1 Festival Design"}]},{"@type":"WebSite","@id":"https:\/\/www.brandman.agency\/#website","url":"https:\/\/www.brandman.agency\/","name":"Homem de marca","description":"Somos a principal empresa de branding na \u00cdndia | \u00c1frica | Mo\u00e7ambique | Oriente M\u00e9dio | Reino Unido | EUA. Construa o valor da sua marca com um servi\u00e7o completo de marketing digital para se tornar a melhor ag\u00eancia de branding.","publisher":{"@id":"https:\/\/www.brandman.agency\/#organization"},"potentialAction":[{"@type":"SearchAction","target":{"@type":"EntryPoint","urlTemplate":"https:\/\/www.brandman.agency\/?s={search_term_string}"},"query-input":{"@type":"PropertyValueSpecification","valueRequired":true,"valueName":"search_term_string"}}],"inLanguage":"pt-PT"},{"@type":"Organization","@id":"https:\/\/www.brandman.agency\/#organization","name":"Homem de marca","url":"https:\/\/www.brandman.agency\/","logo":{"@type":"ImageObject","inLanguage":"pt-PT","@id":"https:\/\/www.brandman.agency\/#\/schema\/logo\/image\/","url":"https:\/\/www.brandman.agency\/wp-content\/uploads\/2024\/05\/cropped-Favicon-BrandMan.png","contentUrl":"https:\/\/www.brandman.agency\/wp-content\/uploads\/2024\/05\/cropped-Favicon-BrandMan.png","width":512,"height":512,"caption":"BrandMan"},"image":{"@id":"https:\/\/www.brandman.agency\/#\/schema\/logo\/image\/"}}]}},"_links":{"self":[{"href":"https:\/\/www.brandman.agency\/pt\/wp-json\/wp\/v2\/product\/13414","targetHints":{"allow":["GET"]}}],"collection":[{"href":"https:\/\/www.brandman.agency\/pt\/wp-json\/wp\/v2\/product"}],"about":[{"href":"https:\/\/www.brandman.agency\/pt\/wp-json\/wp\/v2\/types\/product"}],"wp:featuredmedia":[{"embeddable":true,"href":"https:\/\/www.brandman.agency\/pt\/wp-json\/wp\/v2\/media\/3980"}],"wp:attachment":[{"href":"https:\/\/www.brandman.agency\/pt\/wp-json\/wp\/v2\/media?parent=13414"}],"wp:term":[{"taxonomy":"product_brand","embeddable":true,"href":"https:\/\/www.brandman.agency\/pt\/wp-json\/wp\/v2\/product_brand?post=13414"},{"taxonomy":"product_cat","embeddable":true,"href":"https:\/\/www.brandman.agency\/pt\/wp-json\/wp\/v2\/product_cat?post=13414"},{"taxonomy":"product_tag","embeddable":true,"href":"https:\/\/www.brandman.agency\/pt\/wp-json\/wp\/v2\/product_tag?post=13414"}],"curies":[{"name":"wp","href":"https:\/\/api.w.org\/{rel}","templated":true}]}}