{"id":13419,"date":"2024-08-16T09:44:06","date_gmt":"2024-08-16T09:44:06","guid":{"rendered":"https:\/\/www.brandman.agency\/?post_type=product&#038;p=13419"},"modified":"2024-08-16T09:44:06","modified_gmt":"2024-08-16T09:44:06","slug":"standard-whatsapp-graphic-package","status":"publish","type":"product","link":"https:\/\/www.brandman.agency\/pt\/package\/standard-whatsapp-graphic-package\/","title":{"rendered":"Pacote gr\u00e1fico padr\u00e3o do WhatsApp"},"content":{"rendered":"<ul>\n<li>Resultado final:<br \/>\nUma p\u00e1gina: JPG<br \/>\nV\u00e1rias p\u00e1ginas: PDF<br \/>\nDura\u00e7\u00e3o do projeto 2 dias<\/li>\n<li>Revis\u00e3o gratuita ilimitada at\u00e9 a dura\u00e7\u00e3o do projeto<\/li>\n<li>Ap\u00f3s a revis\u00e3o gratuita, qualquer revis\u00e3o adicional ser\u00e1 cobrada por hora<\/li>\n<li>Nossa criatividade sob medida com um pagamento antecipado 100% n\u00e3o reembols\u00e1vel, adaptado exclusivamente para sua vis\u00e3o \u00fanica. Obrigado pela sua compreens\u00e3o.<\/li>\n<li>Projeto v\u00e1lido at\u00e9 1 semana, caso contr\u00e1rio considere novo projeto.<\/li>\n<\/ul>","protected":false},"excerpt":{"rendered":"<ul>\n<li>Idealmente para convite do WhatsApp para fins informativos e promocionais<\/li>\n<li>Design por Designer Gr\u00e1fico Sr.<\/li>\n<li>Conte\u00fado necess\u00e1rio, imagens, fotos, etc. fornecidos pelo cliente<\/li>\n<li>Se houver v\u00e1rias p\u00e1ginas, podemos fornecer link para ativar PDF<br \/>\n(Clique para ligar, local \u2013 google map, etc.)<\/li>\n<\/ul>","protected":false},"featured_media":5180,"template":"","meta":{"_monsterinsights_skip_tracking":false,"_monsterinsights_sitenote_active":false,"_monsterinsights_sitenote_note":"","_monsterinsights_sitenote_category":0,"ocean_post_layout":"","ocean_both_sidebars_style":"","ocean_both_sidebars_content_width":0,"ocean_both_sidebars_sidebars_width":0,"ocean_sidebar":"0","ocean_second_sidebar":"0","ocean_disable_margins":"enable","ocean_add_body_class":"","ocean_shortcode_before_top_bar":"","ocean_shortcode_after_top_bar":"","ocean_shortcode_before_header":"","ocean_shortcode_after_header":"","ocean_has_shortcode":"","ocean_shortcode_after_title":"","ocean_shortcode_before_footer_widgets":"","ocean_shortcode_after_footer_widgets":"","ocean_shortcode_before_footer_bottom":"","ocean_shortcode_after_footer_bottom":"","ocean_display_top_bar":"default","ocean_display_header":"default","ocean_header_style":"","ocean_center_header_left_menu":"0","ocean_custom_header_template":"0","ocean_custom_logo":0,"ocean_custom_retina_logo":0,"ocean_custom_logo_max_width":0,"ocean_custom_logo_tablet_max_width":0,"ocean_custom_logo_mobile_max_width":0,"ocean_custom_logo_max_height":0,"ocean_custom_logo_tablet_max_height":0,"ocean_custom_logo_mobile_max_height":0,"ocean_header_custom_menu":"0","ocean_menu_typo_font_family":"0","ocean_menu_typo_font_subset":"","ocean_menu_typo_font_size":0,"ocean_menu_typo_font_size_tablet":0,"ocean_menu_typo_font_size_mobile":0,"ocean_menu_typo_font_size_unit":"px","ocean_menu_typo_font_weight":"","ocean_menu_typo_font_weight_tablet":"","ocean_menu_typo_font_weight_mobile":"","ocean_menu_typo_transform":"","ocean_menu_typo_transform_tablet":"","ocean_menu_typo_transform_mobile":"","ocean_menu_typo_line_height":0,"ocean_menu_typo_line_height_tablet":0,"ocean_menu_typo_line_height_mobile":0,"ocean_menu_typo_line_height_unit":"","ocean_menu_typo_spacing":0,"ocean_menu_typo_spacing_tablet":0,"ocean_menu_typo_spacing_mobile":0,"ocean_menu_typo_spacing_unit":"","ocean_menu_link_color":"","ocean_menu_link_color_hover":"","ocean_menu_link_color_active":"","ocean_menu_link_background":"","ocean_menu_link_hover_background":"","ocean_menu_link_active_background":"","ocean_menu_social_links_bg":"","ocean_menu_social_hover_links_bg":"","ocean_menu_social_links_color":"","ocean_menu_social_hover_links_color":"","ocean_disable_title":"default","ocean_disable_heading":"default","ocean_post_title":"","ocean_post_subheading":"","ocean_post_title_style":"","ocean_post_title_background_color":"","ocean_post_title_background":0,"ocean_post_title_bg_image_position":"","ocean_post_title_bg_image_attachment":"","ocean_post_title_bg_image_repeat":"","ocean_post_title_bg_image_size":"","ocean_post_title_height":0,"ocean_post_title_bg_overlay":0.5,"ocean_post_title_bg_overlay_color":"","ocean_disable_breadcrumbs":"default","ocean_breadcrumbs_color":"","ocean_breadcrumbs_separator_color":"","ocean_breadcrumbs_links_color":"","ocean_breadcrumbs_links_hover_color":"","ocean_display_footer_widgets":"default","ocean_display_footer_bottom":"default","ocean_custom_footer_template":"0"},"product_brand":[],"product_cat":[53],"product_tag":[],"class_list":{"0":"post-13419","1":"product","2":"type-product","3":"status-publish","4":"has-post-thumbnail","6":"product_cat-digital","8":"entry","9":"has-media","11":"first","12":"instock","13":"virtual","14":"purchasable","15":"product-type-simple","16":"has-product-nav","17":"col","18":"span_1_of_3","19":"owp-content-center","20":"owp-thumbs-layout-horizontal","21":"owp-btn-normal","22":"owp-tabs-layout-horizontal"},"yoast_head":"<!-- This site is optimized with the Yoast SEO plugin v26.1.1 - https:\/\/yoast.com\/wordpress\/plugins\/seo\/ -->\n<title>Standard WhatsApp Graphic Package - Award Winning Branding Agency - BrandMan<\/title>\n<meta name=\"robots\" content=\"index, follow, max-snippet:-1, max-image-preview:large, max-video-preview:-1\" \/>\n<link rel=\"canonical\" href=\"https:\/\/www.brandman.agency\/pt\/package\/standard-whatsapp-graphic-package\/\" \/>\n<meta property=\"og:locale\" content=\"pt_PT\" \/>\n<meta property=\"og:type\" content=\"article\" \/>\n<meta property=\"og:title\" content=\"Standard WhatsApp Graphic Package - Award Winning Branding Agency - BrandMan\" \/>\n<meta property=\"og:description\" content=\"Ideally for WhatsApp invite for informative, promotional  Design by Sr. Graphics Designer  Necessary content, Images, photo, etc. provided by client  If Multiple Pages We can provide Link Enable PDF (Click to call, venue \u2013 google map, etc.)\" \/>\n<meta property=\"og:url\" content=\"https:\/\/www.brandman.agency\/pt\/package\/standard-whatsapp-graphic-package\/\" \/>\n<meta property=\"og:site_name\" content=\"Award Winning Branding Agency - BrandMan\" \/>\n<meta property=\"og:image\" content=\"https:\/\/www.brandman.agency\/wp-content\/uploads\/2024\/04\/music-event-invitation-template_23-2150981280.jpg\" \/>\n\t<meta property=\"og:image:width\" content=\"360\" \/>\n\t<meta property=\"og:image:height\" content=\"360\" \/>\n\t<meta property=\"og:image:type\" content=\"image\/jpeg\" \/>\n<meta name=\"twitter:card\" content=\"summary_large_image\" \/>\n<script type=\"application\/ld+json\" class=\"yoast-schema-graph\">{\"@context\":\"https:\/\/schema.org\",\"@graph\":[{\"@type\":\"WebPage\",\"@id\":\"https:\/\/www.brandman.agency\/pt\/package\/standard-whatsapp-graphic-package\/\",\"url\":\"https:\/\/www.brandman.agency\/pt\/package\/standard-whatsapp-graphic-package\/\",\"name\":\"Standard WhatsApp Graphic Package - Award Winning Branding Agency - BrandMan\",\"isPartOf\":{\"@id\":\"https:\/\/www.brandman.agency\/#website\"},\"primaryImageOfPage\":{\"@id\":\"https:\/\/www.brandman.agency\/pt\/package\/standard-whatsapp-graphic-package\/#primaryimage\"},\"image\":{\"@id\":\"https:\/\/www.brandman.agency\/pt\/package\/standard-whatsapp-graphic-package\/#primaryimage\"},\"thumbnailUrl\":\"https:\/\/www.brandman.agency\/wp-content\/uploads\/2024\/04\/music-event-invitation-template_23-2150981280.jpg\",\"datePublished\":\"2024-08-16T09:44:06+00:00\",\"breadcrumb\":{\"@id\":\"https:\/\/www.brandman.agency\/pt\/package\/standard-whatsapp-graphic-package\/#breadcrumb\"},\"inLanguage\":\"pt-PT\",\"potentialAction\":[{\"@type\":\"ReadAction\",\"target\":[\"https:\/\/www.brandman.agency\/pt\/package\/standard-whatsapp-graphic-package\/\"]}]},{\"@type\":\"ImageObject\",\"inLanguage\":\"pt-PT\",\"@id\":\"https:\/\/www.brandman.agency\/pt\/package\/standard-whatsapp-graphic-package\/#primaryimage\",\"url\":\"https:\/\/www.brandman.agency\/wp-content\/uploads\/2024\/04\/music-event-invitation-template_23-2150981280.jpg\",\"contentUrl\":\"https:\/\/www.brandman.agency\/wp-content\/uploads\/2024\/04\/music-event-invitation-template_23-2150981280.jpg\",\"width\":360,\"height\":360,\"caption\":\"Budget Festival\"},{\"@type\":\"BreadcrumbList\",\"@id\":\"https:\/\/www.brandman.agency\/pt\/package\/standard-whatsapp-graphic-package\/#breadcrumb\",\"itemListElement\":[{\"@type\":\"ListItem\",\"position\":1,\"name\":\"Home\",\"item\":\"https:\/\/www.brandman.agency\/\"},{\"@type\":\"ListItem\",\"position\":2,\"name\":\"Packages\",\"item\":\"https:\/\/www.brandman.agency\/top-packages-design-agency-in-india-mozambique-africa-uk-usa-middle-east-hire-low-pricing-designers\/\"},{\"@type\":\"ListItem\",\"position\":3,\"name\":\"Standard WhatsApp Graphic Package\"}]},{\"@type\":\"WebSite\",\"@id\":\"https:\/\/www.brandman.agency\/#website\",\"url\":\"https:\/\/www.brandman.agency\/\",\"name\":\"BrandMan\",\"description\":\"We are the Top Branding Company in India | Africa | Mozambique | Middle East | UK | USA. Build Your Brand Value With Full Digital Marketing Service To Become The Best Branding Agency.\",\"publisher\":{\"@id\":\"https:\/\/www.brandman.agency\/#organization\"},\"potentialAction\":[{\"@type\":\"SearchAction\",\"target\":{\"@type\":\"EntryPoint\",\"urlTemplate\":\"https:\/\/www.brandman.agency\/?s={search_term_string}\"},\"query-input\":{\"@type\":\"PropertyValueSpecification\",\"valueRequired\":true,\"valueName\":\"search_term_string\"}}],\"inLanguage\":\"pt-PT\"},{\"@type\":\"Organization\",\"@id\":\"https:\/\/www.brandman.agency\/#organization\",\"name\":\"BrandMan\",\"url\":\"https:\/\/www.brandman.agency\/\",\"logo\":{\"@type\":\"ImageObject\",\"inLanguage\":\"pt-PT\",\"@id\":\"https:\/\/www.brandman.agency\/#\/schema\/logo\/image\/\",\"url\":\"https:\/\/www.brandman.agency\/wp-content\/uploads\/2024\/05\/cropped-Favicon-BrandMan.png\",\"contentUrl\":\"https:\/\/www.brandman.agency\/wp-content\/uploads\/2024\/05\/cropped-Favicon-BrandMan.png\",\"width\":512,\"height\":512,\"caption\":\"BrandMan\"},\"image\":{\"@id\":\"https:\/\/www.brandman.agency\/#\/schema\/logo\/image\/\"}}]}<\/script>\n<!-- \/ Yoast SEO plugin. -->","yoast_head_json":{"title":"Standard WhatsApp Graphic Package - Award Winning Branding Agency - BrandMan","robots":{"index":"index","follow":"follow","max-snippet":"max-snippet:-1","max-image-preview":"max-image-preview:large","max-video-preview":"max-video-preview:-1"},"canonical":"https:\/\/www.brandman.agency\/pt\/package\/standard-whatsapp-graphic-package\/","og_locale":"pt_PT","og_type":"article","og_title":"Standard WhatsApp Graphic Package - Award Winning Branding Agency - BrandMan","og_description":"Ideally for WhatsApp invite for informative, promotional  Design by Sr. Graphics Designer  Necessary content, Images, photo, etc. provided by client  If Multiple Pages We can provide Link Enable PDF (Click to call, venue \u2013 google map, etc.)","og_url":"https:\/\/www.brandman.agency\/pt\/package\/standard-whatsapp-graphic-package\/","og_site_name":"Award Winning Branding Agency - BrandMan","og_image":[{"width":360,"height":360,"url":"https:\/\/www.brandman.agency\/wp-content\/uploads\/2024\/04\/music-event-invitation-template_23-2150981280.jpg","type":"image\/jpeg"}],"twitter_card":"summary_large_image","schema":{"@context":"https:\/\/schema.org","@graph":[{"@type":"WebPage","@id":"https:\/\/www.brandman.agency\/pt\/package\/standard-whatsapp-graphic-package\/","url":"https:\/\/www.brandman.agency\/pt\/package\/standard-whatsapp-graphic-package\/","name":"Standard WhatsApp Graphic Package - Award Winning Branding Agency - BrandMan","isPartOf":{"@id":"https:\/\/www.brandman.agency\/#website"},"primaryImageOfPage":{"@id":"https:\/\/www.brandman.agency\/pt\/package\/standard-whatsapp-graphic-package\/#primaryimage"},"image":{"@id":"https:\/\/www.brandman.agency\/pt\/package\/standard-whatsapp-graphic-package\/#primaryimage"},"thumbnailUrl":"https:\/\/www.brandman.agency\/wp-content\/uploads\/2024\/04\/music-event-invitation-template_23-2150981280.jpg","datePublished":"2024-08-16T09:44:06+00:00","breadcrumb":{"@id":"https:\/\/www.brandman.agency\/pt\/package\/standard-whatsapp-graphic-package\/#breadcrumb"},"inLanguage":"pt-PT","potentialAction":[{"@type":"ReadAction","target":["https:\/\/www.brandman.agency\/pt\/package\/standard-whatsapp-graphic-package\/"]}]},{"@type":"ImageObject","inLanguage":"pt-PT","@id":"https:\/\/www.brandman.agency\/pt\/package\/standard-whatsapp-graphic-package\/#primaryimage","url":"https:\/\/www.brandman.agency\/wp-content\/uploads\/2024\/04\/music-event-invitation-template_23-2150981280.jpg","contentUrl":"https:\/\/www.brandman.agency\/wp-content\/uploads\/2024\/04\/music-event-invitation-template_23-2150981280.jpg","width":360,"height":360,"caption":"Budget Festival"},{"@type":"BreadcrumbList","@id":"https:\/\/www.brandman.agency\/pt\/package\/standard-whatsapp-graphic-package\/#breadcrumb","itemListElement":[{"@type":"ListItem","position":1,"name":"Home","item":"https:\/\/www.brandman.agency\/"},{"@type":"ListItem","position":2,"name":"Packages","item":"https:\/\/www.brandman.agency\/top-packages-design-agency-in-india-mozambique-africa-uk-usa-middle-east-hire-low-pricing-designers\/"},{"@type":"ListItem","position":3,"name":"Standard WhatsApp Graphic Package"}]},{"@type":"WebSite","@id":"https:\/\/www.brandman.agency\/#website","url":"https:\/\/www.brandman.agency\/","name":"Homem de marca","description":"Somos a principal empresa de branding na \u00cdndia | \u00c1frica | Mo\u00e7ambique | Oriente M\u00e9dio | Reino Unido | EUA. Construa o valor da sua marca com um servi\u00e7o completo de marketing digital para se tornar a melhor ag\u00eancia de branding.","publisher":{"@id":"https:\/\/www.brandman.agency\/#organization"},"potentialAction":[{"@type":"SearchAction","target":{"@type":"EntryPoint","urlTemplate":"https:\/\/www.brandman.agency\/?s={search_term_string}"},"query-input":{"@type":"PropertyValueSpecification","valueRequired":true,"valueName":"search_term_string"}}],"inLanguage":"pt-PT"},{"@type":"Organization","@id":"https:\/\/www.brandman.agency\/#organization","name":"Homem de marca","url":"https:\/\/www.brandman.agency\/","logo":{"@type":"ImageObject","inLanguage":"pt-PT","@id":"https:\/\/www.brandman.agency\/#\/schema\/logo\/image\/","url":"https:\/\/www.brandman.agency\/wp-content\/uploads\/2024\/05\/cropped-Favicon-BrandMan.png","contentUrl":"https:\/\/www.brandman.agency\/wp-content\/uploads\/2024\/05\/cropped-Favicon-BrandMan.png","width":512,"height":512,"caption":"BrandMan"},"image":{"@id":"https:\/\/www.brandman.agency\/#\/schema\/logo\/image\/"}}]}},"_links":{"self":[{"href":"https:\/\/www.brandman.agency\/pt\/wp-json\/wp\/v2\/product\/13419","targetHints":{"allow":["GET"]}}],"collection":[{"href":"https:\/\/www.brandman.agency\/pt\/wp-json\/wp\/v2\/product"}],"about":[{"href":"https:\/\/www.brandman.agency\/pt\/wp-json\/wp\/v2\/types\/product"}],"wp:featuredmedia":[{"embeddable":true,"href":"https:\/\/www.brandman.agency\/pt\/wp-json\/wp\/v2\/media\/5180"}],"wp:attachment":[{"href":"https:\/\/www.brandman.agency\/pt\/wp-json\/wp\/v2\/media?parent=13419"}],"wp:term":[{"taxonomy":"product_brand","embeddable":true,"href":"https:\/\/www.brandman.agency\/pt\/wp-json\/wp\/v2\/product_brand?post=13419"},{"taxonomy":"product_cat","embeddable":true,"href":"https:\/\/www.brandman.agency\/pt\/wp-json\/wp\/v2\/product_cat?post=13419"},{"taxonomy":"product_tag","embeddable":true,"href":"https:\/\/www.brandman.agency\/pt\/wp-json\/wp\/v2\/product_tag?post=13419"}],"curies":[{"name":"wp","href":"https:\/\/api.w.org\/{rel}","templated":true}]}}